{"id":26927,"date":"2022-09-04T17:29:04","date_gmt":"2022-09-04T17:29:04","guid":{"rendered":"https:\/\/tcwine.vn\/product\/andre-brunel-cuvee-reservee-chateauneuf-du-pape-2019\/"},"modified":"2023-03-09T09:52:34","modified_gmt":"2023-03-09T09:52:34","slug":"andre-brunel-cuvee-reservee-chateauneuf-du-pape-2019","status":"publish","type":"product","link":"https:\/\/tcwine.vn\/en\/product\/andre-brunel-cuvee-reservee-chateauneuf-du-pape-2019\/","title":{"rendered":"Andr\u00e9 Brunel, Cuv\u00e9e R\u00e9serv\u00e9e Ch\u00e2teauneuf-du-Pape 2019"},"content":{"rendered":"<p><strong>Tasting Notes:<\/strong><br \/>\nOn the nose is the richness and expressive notes of blackberry and currant. The palate is equally powerful with leather notes, grippy tannins and a long finish. It earns on a couple more years in the cellar and should be decanted before serving.<\/p>\n<p><strong>Gastronomy:<\/strong><br \/>\nWell-paired with red meat dishes including beef, lamb and pork.<\/p>\n<p><strong>Vineyards:<\/strong><br \/>\nThe vineyards lack limestone but have generous amounts of clay with adds minerality. The Mistral contributes to the concentration of the grapes and the ability to grow pesticide-free grapes.<\/p>\n<p><strong>Ageing method:<\/strong><br \/>\nNeutral tank and oak barrels<\/p>\n","protected":false},"excerpt":{"rendered":"<p>Being one of the best ever produced by the estate, this wine is only produced when the vintage considered exceptional and is often a blend of 90% Grenache and 10% Shiraz. This is also a great &#8220;&#8221;heavy wines&#8221;&#8221; selection for starter. It earns on a couple more years in the cellar and should be decanted before serving.<\/p>\n","protected":false},"featured_media":27528,"comment_status":"open","ping_status":"closed","template":"","meta":[],"product_cat":[464],"product_tag":[],"yoast_head":"<!-- This site is optimized with the Yoast SEO plugin v19.6.1 - https:\/\/yoast.com\/wordpress\/plugins\/seo\/ -->\n<title>Andr\u00e9 Brunel, Cuv\u00e9e R\u00e9serv\u00e9e Ch\u00e2teauneuf-du-Pape 2019 - TC Wine<\/title>\n<meta name=\"robots\" content=\"index, follow, max-snippet:-1, max-image-preview:large, max-video-preview:-1\" \/>\n<link rel=\"canonical\" href=\"https:\/\/tcwine.vn\/en\/product\/andre-brunel-cuvee-reservee-chateauneuf-du-pape-2019\/\" \/>\n<meta property=\"og:locale\" content=\"en_US\" \/>\n<meta property=\"og:type\" content=\"article\" \/>\n<meta property=\"og:title\" content=\"Andr\u00e9 Brunel, Cuv\u00e9e R\u00e9serv\u00e9e Ch\u00e2teauneuf-du-Pape 2019 - TC Wine\" \/>\n<meta property=\"og:description\" content=\"Being one of the best ever produced by the estate, this wine is only produced when the vintage considered exceptional and is often a blend of 90% Grenache and 10% Shiraz. This is also a great &quot;&quot;heavy wines&quot;&quot; selection for starter. It earns on a couple more years in the cellar and should be decanted before serving.\" \/>\n<meta property=\"og:url\" content=\"https:\/\/tcwine.vn\/en\/product\/andre-brunel-cuvee-reservee-chateauneuf-du-pape-2019\/\" \/>\n<meta property=\"og:site_name\" content=\"TC Wine\" \/>\n<meta property=\"article:modified_time\" content=\"2023-03-09T09:52:34+00:00\" \/>\n<meta property=\"og:image\" content=\"https:\/\/tcwine.vn\/wp-content\/uploads\/2022\/09\/17.-RFRDAB019-Andre\u0301-Brunel-Cuve\u0301e-Re\u0301serve\u0301e-Cha\u0302teauneuf-du-Pape-2019.jpg\" \/>\n\t<meta property=\"og:image:width\" content=\"1875\" \/>\n\t<meta property=\"og:image:height\" content=\"2500\" \/>\n\t<meta property=\"og:image:type\" content=\"image\/jpeg\" \/>\n<meta name=\"twitter:card\" content=\"summary_large_image\" \/>\n<meta name=\"twitter:label1\" content=\"Est. reading time\" \/>\n\t<meta name=\"twitter:data1\" content=\"1 minute\" \/>\n<script type=\"application\/ld+json\" class=\"yoast-schema-graph\">{\"@context\":\"https:\/\/schema.org\",\"@graph\":[{\"@type\":\"WebPage\",\"@id\":\"https:\/\/tcwine.vn\/en\/product\/andre-brunel-cuvee-reservee-chateauneuf-du-pape-2019\/\",\"url\":\"https:\/\/tcwine.vn\/en\/product\/andre-brunel-cuvee-reservee-chateauneuf-du-pape-2019\/\",\"name\":\"Andr\u00e9 Brunel, Cuv\u00e9e R\u00e9serv\u00e9e Ch\u00e2teauneuf-du-Pape 2019 - TC Wine\",\"isPartOf\":{\"@id\":\"https:\/\/tcwine.vn\/#website\"},\"datePublished\":\"2022-09-04T17:29:04+00:00\",\"dateModified\":\"2023-03-09T09:52:34+00:00\",\"breadcrumb\":{\"@id\":\"https:\/\/tcwine.vn\/en\/product\/andre-brunel-cuvee-reservee-chateauneuf-du-pape-2019\/#breadcrumb\"},\"inLanguage\":\"en\",\"potentialAction\":[{\"@type\":\"ReadAction\",\"target\":[\"https:\/\/tcwine.vn\/en\/product\/andre-brunel-cuvee-reservee-chateauneuf-du-pape-2019\/\"]}]},{\"@type\":\"BreadcrumbList\",\"@id\":\"https:\/\/tcwine.vn\/en\/product\/andre-brunel-cuvee-reservee-chateauneuf-du-pape-2019\/#breadcrumb\",\"itemListElement\":[{\"@type\":\"ListItem\",\"position\":1,\"name\":\"Trang ch\u1ee7\",\"item\":\"https:\/\/tcwine.vn\/en\/intro\/\"},{\"@type\":\"ListItem\",\"position\":2,\"name\":\"Shop\",\"item\":\"https:\/\/tcwine.vn\/shop\/\"},{\"@type\":\"ListItem\",\"position\":3,\"name\":\"Andr\u00e9 Brunel, Cuv\u00e9e R\u00e9serv\u00e9e Ch\u00e2teauneuf-du-Pape 2019\"}]},{\"@type\":\"WebSite\",\"@id\":\"https:\/\/tcwine.vn\/#website\",\"url\":\"https:\/\/tcwine.vn\/\",\"name\":\"TC Wine\",\"description\":\"\",\"potentialAction\":[{\"@type\":\"SearchAction\",\"target\":{\"@type\":\"EntryPoint\",\"urlTemplate\":\"https:\/\/tcwine.vn\/?s={search_term_string}\"},\"query-input\":\"required name=search_term_string\"}],\"inLanguage\":\"en\"}]}<\/script>\n<!-- \/ Yoast SEO plugin. -->","yoast_head_json":{"title":"Andr\u00e9 Brunel, Cuv\u00e9e R\u00e9serv\u00e9e Ch\u00e2teauneuf-du-Pape 2019 - TC Wine","robots":{"index":"index","follow":"follow","max-snippet":"max-snippet:-1","max-image-preview":"max-image-preview:large","max-video-preview":"max-video-preview:-1"},"canonical":"https:\/\/tcwine.vn\/en\/product\/andre-brunel-cuvee-reservee-chateauneuf-du-pape-2019\/","og_locale":"en_US","og_type":"article","og_title":"Andr\u00e9 Brunel, Cuv\u00e9e R\u00e9serv\u00e9e Ch\u00e2teauneuf-du-Pape 2019 - TC Wine","og_description":"Being one of the best ever produced by the estate, this wine is only produced when the vintage considered exceptional and is often a blend of 90% Grenache and 10% Shiraz. This is also a great \"\"heavy wines\"\" selection for starter. It earns on a couple more years in the cellar and should be decanted before serving.","og_url":"https:\/\/tcwine.vn\/en\/product\/andre-brunel-cuvee-reservee-chateauneuf-du-pape-2019\/","og_site_name":"TC Wine","article_modified_time":"2023-03-09T09:52:34+00:00","og_image":[{"width":1875,"height":2500,"url":"https:\/\/tcwine.vn\/wp-content\/uploads\/2022\/09\/17.-RFRDAB019-Andre\u0301-Brunel-Cuve\u0301e-Re\u0301serve\u0301e-Cha\u0302teauneuf-du-Pape-2019.jpg","type":"image\/jpeg"}],"twitter_card":"summary_large_image","twitter_misc":{"Est. reading time":"1 minute"},"schema":{"@context":"https:\/\/schema.org","@graph":[{"@type":"WebPage","@id":"https:\/\/tcwine.vn\/en\/product\/andre-brunel-cuvee-reservee-chateauneuf-du-pape-2019\/","url":"https:\/\/tcwine.vn\/en\/product\/andre-brunel-cuvee-reservee-chateauneuf-du-pape-2019\/","name":"Andr\u00e9 Brunel, Cuv\u00e9e R\u00e9serv\u00e9e Ch\u00e2teauneuf-du-Pape 2019 - TC Wine","isPartOf":{"@id":"https:\/\/tcwine.vn\/#website"},"datePublished":"2022-09-04T17:29:04+00:00","dateModified":"2023-03-09T09:52:34+00:00","breadcrumb":{"@id":"https:\/\/tcwine.vn\/en\/product\/andre-brunel-cuvee-reservee-chateauneuf-du-pape-2019\/#breadcrumb"},"inLanguage":"en","potentialAction":[{"@type":"ReadAction","target":["https:\/\/tcwine.vn\/en\/product\/andre-brunel-cuvee-reservee-chateauneuf-du-pape-2019\/"]}]},{"@type":"BreadcrumbList","@id":"https:\/\/tcwine.vn\/en\/product\/andre-brunel-cuvee-reservee-chateauneuf-du-pape-2019\/#breadcrumb","itemListElement":[{"@type":"ListItem","position":1,"name":"Trang ch\u1ee7","item":"https:\/\/tcwine.vn\/en\/intro\/"},{"@type":"ListItem","position":2,"name":"Shop","item":"https:\/\/tcwine.vn\/shop\/"},{"@type":"ListItem","position":3,"name":"Andr\u00e9 Brunel, Cuv\u00e9e R\u00e9serv\u00e9e Ch\u00e2teauneuf-du-Pape 2019"}]},{"@type":"WebSite","@id":"https:\/\/tcwine.vn\/#website","url":"https:\/\/tcwine.vn\/","name":"TC Wine","description":"","potentialAction":[{"@type":"SearchAction","target":{"@type":"EntryPoint","urlTemplate":"https:\/\/tcwine.vn\/?s={search_term_string}"},"query-input":"required name=search_term_string"}],"inLanguage":"en"}]}},"_links":{"self":[{"href":"https:\/\/tcwine.vn\/en\/wp-json\/wp\/v2\/product\/26927"}],"collection":[{"href":"https:\/\/tcwine.vn\/en\/wp-json\/wp\/v2\/product"}],"about":[{"href":"https:\/\/tcwine.vn\/en\/wp-json\/wp\/v2\/types\/product"}],"replies":[{"embeddable":true,"href":"https:\/\/tcwine.vn\/en\/wp-json\/wp\/v2\/comments?post=26927"}],"wp:featuredmedia":[{"embeddable":true,"href":"https:\/\/tcwine.vn\/en\/wp-json\/wp\/v2\/media\/27528"}],"wp:attachment":[{"href":"https:\/\/tcwine.vn\/en\/wp-json\/wp\/v2\/media?parent=26927"}],"wp:term":[{"taxonomy":"product_cat","embeddable":true,"href":"https:\/\/tcwine.vn\/en\/wp-json\/wp\/v2\/product_cat?post=26927"},{"taxonomy":"product_tag","embeddable":true,"href":"https:\/\/tcwine.vn\/en\/wp-json\/wp\/v2\/product_tag?post=26927"}],"curies":[{"name":"wp","href":"https:\/\/api.w.org\/{rel}","templated":true}]}}