{"id":26926,"date":"2022-09-05T02:31:37","date_gmt":"2022-09-05T02:31:37","guid":{"rendered":"https:\/\/tcwine.vn\/product\/andre-brunel-becassonne-cotes-du-rhone-2019\/"},"modified":"2023-03-16T05:17:56","modified_gmt":"2023-03-16T05:17:56","slug":"andre-brunel-becassonne-cotes-du-rhone-2019","status":"publish","type":"product","link":"https:\/\/tcwine.vn\/en\/product\/andre-brunel-becassonne-cotes-du-rhone-2019\/","title":{"rendered":"Andr\u00e9 Brunel, Becassonne C\u00f4tes du Rh\u00f4ne 2019"},"content":{"rendered":"<p><strong>Tasting Notes:<\/strong><br \/>\nSlight minerality on the nose of wet stones, pear, apple, loads of honey butter, and rich of vanilla toast. Rich mouthfeel with hints of melon and green apricot. Finish length is remarkable.<\/p>\n<p><strong>Gastronomy:<\/strong><br \/>\nWell-paired with fish or white meat.<\/p>\n<p><strong>Vineyards<\/strong>:<br \/>\nAverage 40 years old vineyards with a yeld of 40hl\/ha. The B\u00e9cassonne cuv\u00e9e comes from a unique plot, particularly suited for this production of white wine. A clay earth on a calcareous subsoil which all lies on a hill exposed to the rising sun but protected from the burning setting sun by a pine forest, allowing the grapes to fully ripen and to give a floral and exotic character to this wine while preserving a real freshness which is fairly rare for the white C\u00f4tes du Rh\u00f4ne Blanc.<\/p>\n<p><strong>Ageing method:<\/strong><br \/>\nVinification in in 6 months in concrete vats with controlled temperature at about 18\u00b0C.<\/p>\n","protected":false},"excerpt":{"rendered":"<p>The cuv\u00e9e is characterized by hints of floral and exotic fruits. This wine combines body and freshness and is a perfect partner for the aperitive.<\/p>\n","protected":false},"featured_media":27531,"comment_status":"open","ping_status":"closed","template":"","meta":[],"product_cat":[421],"product_tag":[],"yoast_head":"<!-- This site is optimized with the Yoast SEO plugin v19.6.1 - https:\/\/yoast.com\/wordpress\/plugins\/seo\/ -->\n<title>Andr\u00e9 Brunel, Becassonne C\u00f4tes du Rh\u00f4ne 2019 - TC Wine<\/title>\n<meta name=\"robots\" content=\"index, follow, max-snippet:-1, max-image-preview:large, max-video-preview:-1\" \/>\n<link rel=\"canonical\" href=\"https:\/\/tcwine.vn\/en\/product\/andre-brunel-becassonne-cotes-du-rhone-2019\/\" \/>\n<meta property=\"og:locale\" content=\"en_US\" \/>\n<meta property=\"og:type\" content=\"article\" \/>\n<meta property=\"og:title\" content=\"Andr\u00e9 Brunel, Becassonne C\u00f4tes du Rh\u00f4ne 2019 - TC Wine\" \/>\n<meta property=\"og:description\" content=\"The cuv\u00e9e is characterized by hints of floral and exotic fruits. This wine combines body and freshness and is a perfect partner for the aperitive.\" \/>\n<meta property=\"og:url\" content=\"https:\/\/tcwine.vn\/en\/product\/andre-brunel-becassonne-cotes-du-rhone-2019\/\" \/>\n<meta property=\"og:site_name\" content=\"TC Wine\" \/>\n<meta property=\"article:modified_time\" content=\"2023-03-16T05:17:56+00:00\" \/>\n<meta property=\"og:image\" content=\"https:\/\/tcwine.vn\/wp-content\/uploads\/2022\/09\/18.-WFRDAB019-Andre\u0301-Brunel-Becassonne-Co\u0302tes-du-Rho\u0302ne-2019-1.jpg\" \/>\n\t<meta property=\"og:image:width\" content=\"1875\" \/>\n\t<meta property=\"og:image:height\" content=\"2500\" \/>\n\t<meta property=\"og:image:type\" content=\"image\/jpeg\" \/>\n<meta name=\"twitter:card\" content=\"summary_large_image\" \/>\n<meta name=\"twitter:label1\" content=\"Est. reading time\" \/>\n\t<meta name=\"twitter:data1\" content=\"1 minute\" \/>\n<script type=\"application\/ld+json\" class=\"yoast-schema-graph\">{\"@context\":\"https:\/\/schema.org\",\"@graph\":[{\"@type\":\"WebPage\",\"@id\":\"https:\/\/tcwine.vn\/en\/product\/andre-brunel-becassonne-cotes-du-rhone-2019\/\",\"url\":\"https:\/\/tcwine.vn\/en\/product\/andre-brunel-becassonne-cotes-du-rhone-2019\/\",\"name\":\"Andr\u00e9 Brunel, Becassonne C\u00f4tes du Rh\u00f4ne 2019 - TC Wine\",\"isPartOf\":{\"@id\":\"https:\/\/tcwine.vn\/#website\"},\"datePublished\":\"2022-09-05T02:31:37+00:00\",\"dateModified\":\"2023-03-16T05:17:56+00:00\",\"breadcrumb\":{\"@id\":\"https:\/\/tcwine.vn\/en\/product\/andre-brunel-becassonne-cotes-du-rhone-2019\/#breadcrumb\"},\"inLanguage\":\"en\",\"potentialAction\":[{\"@type\":\"ReadAction\",\"target\":[\"https:\/\/tcwine.vn\/en\/product\/andre-brunel-becassonne-cotes-du-rhone-2019\/\"]}]},{\"@type\":\"BreadcrumbList\",\"@id\":\"https:\/\/tcwine.vn\/en\/product\/andre-brunel-becassonne-cotes-du-rhone-2019\/#breadcrumb\",\"itemListElement\":[{\"@type\":\"ListItem\",\"position\":1,\"name\":\"Trang ch\u1ee7\",\"item\":\"https:\/\/tcwine.vn\/en\/intro\/\"},{\"@type\":\"ListItem\",\"position\":2,\"name\":\"Shop\",\"item\":\"https:\/\/tcwine.vn\/shop\/\"},{\"@type\":\"ListItem\",\"position\":3,\"name\":\"Andr\u00e9 Brunel, Becassonne C\u00f4tes du Rh\u00f4ne 2019\"}]},{\"@type\":\"WebSite\",\"@id\":\"https:\/\/tcwine.vn\/#website\",\"url\":\"https:\/\/tcwine.vn\/\",\"name\":\"TC Wine\",\"description\":\"\",\"potentialAction\":[{\"@type\":\"SearchAction\",\"target\":{\"@type\":\"EntryPoint\",\"urlTemplate\":\"https:\/\/tcwine.vn\/?s={search_term_string}\"},\"query-input\":\"required name=search_term_string\"}],\"inLanguage\":\"en\"}]}<\/script>\n<!-- \/ Yoast SEO plugin. -->","yoast_head_json":{"title":"Andr\u00e9 Brunel, Becassonne C\u00f4tes du Rh\u00f4ne 2019 - TC Wine","robots":{"index":"index","follow":"follow","max-snippet":"max-snippet:-1","max-image-preview":"max-image-preview:large","max-video-preview":"max-video-preview:-1"},"canonical":"https:\/\/tcwine.vn\/en\/product\/andre-brunel-becassonne-cotes-du-rhone-2019\/","og_locale":"en_US","og_type":"article","og_title":"Andr\u00e9 Brunel, Becassonne C\u00f4tes du Rh\u00f4ne 2019 - TC Wine","og_description":"The cuv\u00e9e is characterized by hints of floral and exotic fruits. This wine combines body and freshness and is a perfect partner for the aperitive.","og_url":"https:\/\/tcwine.vn\/en\/product\/andre-brunel-becassonne-cotes-du-rhone-2019\/","og_site_name":"TC Wine","article_modified_time":"2023-03-16T05:17:56+00:00","og_image":[{"width":1875,"height":2500,"url":"https:\/\/tcwine.vn\/wp-content\/uploads\/2022\/09\/18.-WFRDAB019-Andre\u0301-Brunel-Becassonne-Co\u0302tes-du-Rho\u0302ne-2019-1.jpg","type":"image\/jpeg"}],"twitter_card":"summary_large_image","twitter_misc":{"Est. reading time":"1 minute"},"schema":{"@context":"https:\/\/schema.org","@graph":[{"@type":"WebPage","@id":"https:\/\/tcwine.vn\/en\/product\/andre-brunel-becassonne-cotes-du-rhone-2019\/","url":"https:\/\/tcwine.vn\/en\/product\/andre-brunel-becassonne-cotes-du-rhone-2019\/","name":"Andr\u00e9 Brunel, Becassonne C\u00f4tes du Rh\u00f4ne 2019 - TC Wine","isPartOf":{"@id":"https:\/\/tcwine.vn\/#website"},"datePublished":"2022-09-05T02:31:37+00:00","dateModified":"2023-03-16T05:17:56+00:00","breadcrumb":{"@id":"https:\/\/tcwine.vn\/en\/product\/andre-brunel-becassonne-cotes-du-rhone-2019\/#breadcrumb"},"inLanguage":"en","potentialAction":[{"@type":"ReadAction","target":["https:\/\/tcwine.vn\/en\/product\/andre-brunel-becassonne-cotes-du-rhone-2019\/"]}]},{"@type":"BreadcrumbList","@id":"https:\/\/tcwine.vn\/en\/product\/andre-brunel-becassonne-cotes-du-rhone-2019\/#breadcrumb","itemListElement":[{"@type":"ListItem","position":1,"name":"Trang ch\u1ee7","item":"https:\/\/tcwine.vn\/en\/intro\/"},{"@type":"ListItem","position":2,"name":"Shop","item":"https:\/\/tcwine.vn\/shop\/"},{"@type":"ListItem","position":3,"name":"Andr\u00e9 Brunel, Becassonne C\u00f4tes du Rh\u00f4ne 2019"}]},{"@type":"WebSite","@id":"https:\/\/tcwine.vn\/#website","url":"https:\/\/tcwine.vn\/","name":"TC Wine","description":"","potentialAction":[{"@type":"SearchAction","target":{"@type":"EntryPoint","urlTemplate":"https:\/\/tcwine.vn\/?s={search_term_string}"},"query-input":"required name=search_term_string"}],"inLanguage":"en"}]}},"_links":{"self":[{"href":"https:\/\/tcwine.vn\/en\/wp-json\/wp\/v2\/product\/26926"}],"collection":[{"href":"https:\/\/tcwine.vn\/en\/wp-json\/wp\/v2\/product"}],"about":[{"href":"https:\/\/tcwine.vn\/en\/wp-json\/wp\/v2\/types\/product"}],"replies":[{"embeddable":true,"href":"https:\/\/tcwine.vn\/en\/wp-json\/wp\/v2\/comments?post=26926"}],"wp:featuredmedia":[{"embeddable":true,"href":"https:\/\/tcwine.vn\/en\/wp-json\/wp\/v2\/media\/27531"}],"wp:attachment":[{"href":"https:\/\/tcwine.vn\/en\/wp-json\/wp\/v2\/media?parent=26926"}],"wp:term":[{"taxonomy":"product_cat","embeddable":true,"href":"https:\/\/tcwine.vn\/en\/wp-json\/wp\/v2\/product_cat?post=26926"},{"taxonomy":"product_tag","embeddable":true,"href":"https:\/\/tcwine.vn\/en\/wp-json\/wp\/v2\/product_tag?post=26926"}],"curies":[{"name":"wp","href":"https:\/\/api.w.org\/{rel}","templated":true}]}}