{"id":26861,"date":"2022-09-09T00:13:45","date_gmt":"2022-09-09T00:13:45","guid":{"rendered":"https:\/\/tcwine.vn\/product\/rudolf-furst-burgstadter-berg-weiser-burgunder-2018\/"},"modified":"2023-03-16T05:16:33","modified_gmt":"2023-03-16T05:16:33","slug":"rudolf-furst-burgstadter-berg-weiser-burgunder-2018","status":"publish","type":"product","link":"https:\/\/tcwine.vn\/en\/product\/rudolf-furst-burgstadter-berg-weiser-burgunder-2018\/","title":{"rendered":"Rudolf Furst, Burgstadter Berg Weiser Burgunder 2018"},"content":{"rendered":"<p><strong>Tasting Notes:<\/strong><br \/>\nA minerally lively, focused and juicy wine from a dry and hot year. this is reflected in a high intensity of pear cream, tangerine and orange notes in combination with a slightly tart stonyness as well as spice and a fine undertone of the wood. The palate is characterized by a voluminous fruit, which appears extremely juicy and yet also silky. There is a lot of power behind it, which is structured by the wood. The acidity is naturally ripe and gentle, but at the same time lively. There is the stoniness, combined with a hint of salt, tart herbal notes and a spice reminiscent of the shell of bitter oranges. As an overall composition, this is wonderfully balanced, harmonious and absolutely recommendable!<\/p>\n<p><strong>Gastronomy:<\/strong><br \/>\nPair well with seafood, charcuterie, mild cheeses.<\/p>\n<p><strong>Vineyards:<\/strong><br \/>\nThe grapes come from estate vineyards, from plots of young vines in the Grosse Lage and Erste Lage vineyards, and also from very old vines at the foot of the slopes. Yields are low with an average of 45 hl\/ha. The grapes are gently crushed with the feet. The wines ferment in small oak barrels and mature on the gross lees for over 12 months before bottling.<\/p>\n<p><strong>Ageing method:<\/strong><br \/>\nSmall barrels and stainless steel tanks for 6 &#8211; 12 months.<\/p>\n","protected":false},"excerpt":{"rendered":"<p>The Wei\u00dfburgunder B\u00fcrgstadter Berg from the F\u00fcrst winery is undoubtedly one of the best Pinot Blanc in Germany. In the nose, the wine exudes subtle wood and smoke notes, as well as a tart-vegetable scent. On the palate then exciting and complex.<\/p>\n","protected":false},"featured_media":27558,"comment_status":"open","ping_status":"closed","template":"","meta":[],"product_cat":[421],"product_tag":[],"yoast_head":"<!-- This site is optimized with the Yoast SEO plugin v19.6.1 - https:\/\/yoast.com\/wordpress\/plugins\/seo\/ -->\n<title>Rudolf Furst, Burgstadter Berg Weiser Burgunder 2018 - TC Wine<\/title>\n<meta name=\"robots\" content=\"index, follow, max-snippet:-1, max-image-preview:large, max-video-preview:-1\" \/>\n<link rel=\"canonical\" href=\"https:\/\/tcwine.vn\/en\/product\/rudolf-furst-burgstadter-berg-weiser-burgunder-2018\/\" \/>\n<meta property=\"og:locale\" content=\"en_US\" \/>\n<meta property=\"og:type\" content=\"article\" \/>\n<meta property=\"og:title\" content=\"Rudolf Furst, Burgstadter Berg Weiser Burgunder 2018 - TC Wine\" \/>\n<meta property=\"og:description\" content=\"The Wei\u00dfburgunder B\u00fcrgstadter Berg from the F\u00fcrst winery is undoubtedly one of the best Pinot Blanc in Germany. In the nose, the wine exudes subtle wood and smoke notes, as well as a tart-vegetable scent. On the palate then exciting and complex.\" \/>\n<meta property=\"og:url\" content=\"https:\/\/tcwine.vn\/en\/product\/rudolf-furst-burgstadter-berg-weiser-burgunder-2018\/\" \/>\n<meta property=\"og:site_name\" content=\"TC Wine\" \/>\n<meta property=\"article:modified_time\" content=\"2023-03-16T05:16:33+00:00\" \/>\n<meta property=\"og:image\" content=\"https:\/\/tcwine.vn\/wp-content\/uploads\/2022\/09\/29.-WGERDF018-Rudolf-Furst-Burgstadter-Berg-Weiser-Burgunder-2018.jpg\" \/>\n\t<meta property=\"og:image:width\" content=\"1875\" \/>\n\t<meta property=\"og:image:height\" content=\"2500\" \/>\n\t<meta property=\"og:image:type\" content=\"image\/jpeg\" \/>\n<meta name=\"twitter:card\" content=\"summary_large_image\" \/>\n<meta name=\"twitter:label1\" content=\"Est. reading time\" \/>\n\t<meta name=\"twitter:data1\" content=\"2 minutes\" \/>\n<script type=\"application\/ld+json\" class=\"yoast-schema-graph\">{\"@context\":\"https:\/\/schema.org\",\"@graph\":[{\"@type\":\"WebPage\",\"@id\":\"https:\/\/tcwine.vn\/en\/product\/rudolf-furst-burgstadter-berg-weiser-burgunder-2018\/\",\"url\":\"https:\/\/tcwine.vn\/en\/product\/rudolf-furst-burgstadter-berg-weiser-burgunder-2018\/\",\"name\":\"Rudolf Furst, Burgstadter Berg Weiser Burgunder 2018 - TC Wine\",\"isPartOf\":{\"@id\":\"https:\/\/tcwine.vn\/#website\"},\"datePublished\":\"2022-09-09T00:13:45+00:00\",\"dateModified\":\"2023-03-16T05:16:33+00:00\",\"breadcrumb\":{\"@id\":\"https:\/\/tcwine.vn\/en\/product\/rudolf-furst-burgstadter-berg-weiser-burgunder-2018\/#breadcrumb\"},\"inLanguage\":\"en\",\"potentialAction\":[{\"@type\":\"ReadAction\",\"target\":[\"https:\/\/tcwine.vn\/en\/product\/rudolf-furst-burgstadter-berg-weiser-burgunder-2018\/\"]}]},{\"@type\":\"BreadcrumbList\",\"@id\":\"https:\/\/tcwine.vn\/en\/product\/rudolf-furst-burgstadter-berg-weiser-burgunder-2018\/#breadcrumb\",\"itemListElement\":[{\"@type\":\"ListItem\",\"position\":1,\"name\":\"Trang ch\u1ee7\",\"item\":\"https:\/\/tcwine.vn\/en\/intro\/\"},{\"@type\":\"ListItem\",\"position\":2,\"name\":\"Shop\",\"item\":\"https:\/\/tcwine.vn\/shop\/\"},{\"@type\":\"ListItem\",\"position\":3,\"name\":\"Rudolf Furst, Burgstadter Berg Weiser Burgunder 2018\"}]},{\"@type\":\"WebSite\",\"@id\":\"https:\/\/tcwine.vn\/#website\",\"url\":\"https:\/\/tcwine.vn\/\",\"name\":\"TC Wine\",\"description\":\"\",\"potentialAction\":[{\"@type\":\"SearchAction\",\"target\":{\"@type\":\"EntryPoint\",\"urlTemplate\":\"https:\/\/tcwine.vn\/?s={search_term_string}\"},\"query-input\":\"required name=search_term_string\"}],\"inLanguage\":\"en\"}]}<\/script>\n<!-- \/ Yoast SEO plugin. -->","yoast_head_json":{"title":"Rudolf Furst, Burgstadter Berg Weiser Burgunder 2018 - TC Wine","robots":{"index":"index","follow":"follow","max-snippet":"max-snippet:-1","max-image-preview":"max-image-preview:large","max-video-preview":"max-video-preview:-1"},"canonical":"https:\/\/tcwine.vn\/en\/product\/rudolf-furst-burgstadter-berg-weiser-burgunder-2018\/","og_locale":"en_US","og_type":"article","og_title":"Rudolf Furst, Burgstadter Berg Weiser Burgunder 2018 - TC Wine","og_description":"The Wei\u00dfburgunder B\u00fcrgstadter Berg from the F\u00fcrst winery is undoubtedly one of the best Pinot Blanc in Germany. In the nose, the wine exudes subtle wood and smoke notes, as well as a tart-vegetable scent. On the palate then exciting and complex.","og_url":"https:\/\/tcwine.vn\/en\/product\/rudolf-furst-burgstadter-berg-weiser-burgunder-2018\/","og_site_name":"TC Wine","article_modified_time":"2023-03-16T05:16:33+00:00","og_image":[{"width":1875,"height":2500,"url":"https:\/\/tcwine.vn\/wp-content\/uploads\/2022\/09\/29.-WGERDF018-Rudolf-Furst-Burgstadter-Berg-Weiser-Burgunder-2018.jpg","type":"image\/jpeg"}],"twitter_card":"summary_large_image","twitter_misc":{"Est. reading time":"2 minutes"},"schema":{"@context":"https:\/\/schema.org","@graph":[{"@type":"WebPage","@id":"https:\/\/tcwine.vn\/en\/product\/rudolf-furst-burgstadter-berg-weiser-burgunder-2018\/","url":"https:\/\/tcwine.vn\/en\/product\/rudolf-furst-burgstadter-berg-weiser-burgunder-2018\/","name":"Rudolf Furst, Burgstadter Berg Weiser Burgunder 2018 - TC Wine","isPartOf":{"@id":"https:\/\/tcwine.vn\/#website"},"datePublished":"2022-09-09T00:13:45+00:00","dateModified":"2023-03-16T05:16:33+00:00","breadcrumb":{"@id":"https:\/\/tcwine.vn\/en\/product\/rudolf-furst-burgstadter-berg-weiser-burgunder-2018\/#breadcrumb"},"inLanguage":"en","potentialAction":[{"@type":"ReadAction","target":["https:\/\/tcwine.vn\/en\/product\/rudolf-furst-burgstadter-berg-weiser-burgunder-2018\/"]}]},{"@type":"BreadcrumbList","@id":"https:\/\/tcwine.vn\/en\/product\/rudolf-furst-burgstadter-berg-weiser-burgunder-2018\/#breadcrumb","itemListElement":[{"@type":"ListItem","position":1,"name":"Trang ch\u1ee7","item":"https:\/\/tcwine.vn\/en\/intro\/"},{"@type":"ListItem","position":2,"name":"Shop","item":"https:\/\/tcwine.vn\/shop\/"},{"@type":"ListItem","position":3,"name":"Rudolf Furst, Burgstadter Berg Weiser Burgunder 2018"}]},{"@type":"WebSite","@id":"https:\/\/tcwine.vn\/#website","url":"https:\/\/tcwine.vn\/","name":"TC Wine","description":"","potentialAction":[{"@type":"SearchAction","target":{"@type":"EntryPoint","urlTemplate":"https:\/\/tcwine.vn\/?s={search_term_string}"},"query-input":"required name=search_term_string"}],"inLanguage":"en"}]}},"_links":{"self":[{"href":"https:\/\/tcwine.vn\/en\/wp-json\/wp\/v2\/product\/26861"}],"collection":[{"href":"https:\/\/tcwine.vn\/en\/wp-json\/wp\/v2\/product"}],"about":[{"href":"https:\/\/tcwine.vn\/en\/wp-json\/wp\/v2\/types\/product"}],"replies":[{"embeddable":true,"href":"https:\/\/tcwine.vn\/en\/wp-json\/wp\/v2\/comments?post=26861"}],"wp:featuredmedia":[{"embeddable":true,"href":"https:\/\/tcwine.vn\/en\/wp-json\/wp\/v2\/media\/27558"}],"wp:attachment":[{"href":"https:\/\/tcwine.vn\/en\/wp-json\/wp\/v2\/media?parent=26861"}],"wp:term":[{"taxonomy":"product_cat","embeddable":true,"href":"https:\/\/tcwine.vn\/en\/wp-json\/wp\/v2\/product_cat?post=26861"},{"taxonomy":"product_tag","embeddable":true,"href":"https:\/\/tcwine.vn\/en\/wp-json\/wp\/v2\/product_tag?post=26861"}],"curies":[{"name":"wp","href":"https:\/\/api.w.org\/{rel}","templated":true}]}}