{"id":26899,"date":"2020-09-08T04:43:26","date_gmt":"2020-09-08T04:43:26","guid":{"rendered":"https:\/\/tcwine.vn\/lien-he\/"},"modified":"2023-02-01T17:44:30","modified_gmt":"2023-02-01T17:44:30","slug":"lien-he","status":"publish","type":"page","link":"https:\/\/tcwine.vn\/en\/lien-he\/","title":{"rendered":"Li\u00ean h\u1ec7"},"content":{"rendered":"\t\t<div data-elementor-type=\"wp-page\" data-elementor-id=\"26899\" class=\"elementor elementor-26899 elementor-15115\">\n\t\t\t\t\t\t\t\t\t<section class=\"elementor-section elementor-top-section elementor-element elementor-element-7c56f50 elementor-section-full_width elementor-section-height-default elementor-section-height-default\" data-id=\"7c56f50\" data-element_type=\"section\">\n\t\t\t\t\t\t<div class=\"elementor-container elementor-column-gap-default\">\n\t\t\t\t\t<div class=\"elementor-column elementor-col-100 elementor-top-column elementor-element elementor-element-6e29adc\" data-id=\"6e29adc\" data-element_type=\"column\">\n\t\t\t<div class=\"elementor-widget-wrap elementor-element-populated\">\n\t\t\t\t\t\t\t\t<div class=\"elementor-element elementor-element-12e6a61 elementor-widget elementor-widget-bwp_google_maps\" data-id=\"12e6a61\" data-element_type=\"widget\" data-widget_type=\"bwp_google_maps.default\">\n\t\t\t\t<div class=\"elementor-widget-container\">\n\t\t\t<div class=\"elementor-custom-embed\"><iframe src=\"https:\/\/maps.google.com\/maps?q=tc%20house%20wine&amp;t=m&amp;z=20&amp;output=embed&amp;iwloc=near\" aria-label=\"tc house wine\"><\/iframe><\/div>\t\t<\/div>\n\t\t\t\t<\/div>\n\t\t\t\t\t<\/div>\n\t\t<\/div>\n\t\t\t\t\t\t\t<\/div>\n\t\t<\/section>\n\t\t\t\t<section class=\"elementor-section elementor-top-section elementor-element elementor-element-21ddf1a elementor-section-height-full elementor-section-boxed elementor-section-height-default elementor-section-items-middle\" data-id=\"21ddf1a\" data-element_type=\"section\">\n\t\t\t\t\t\t<div class=\"elementor-container elementor-column-gap-extended\">\n\t\t\t\t\t<div class=\"elementor-column elementor-col-50 elementor-top-column elementor-element elementor-element-e64cff7\" data-id=\"e64cff7\" data-element_type=\"column\">\n\t\t\t<div class=\"elementor-widget-wrap elementor-element-populated\">\n\t\t\t\t\t\t\t\t<div class=\"elementor-element elementor-element-b00a11e elementor-widget elementor-widget-heading\" data-id=\"b00a11e\" data-element_type=\"widget\" data-widget_type=\"heading.default\">\n\t\t\t\t<div class=\"elementor-widget-container\">\n\t\t\t<style>\/*! elementor - v3.6.8 - 27-07-2022 *\/\n.elementor-heading-title{padding:0;margin:0;line-height:1}.elementor-widget-heading .elementor-heading-title[class*=elementor-size-]>a{color:inherit;font-size:inherit;line-height:inherit}.elementor-widget-heading .elementor-heading-title.elementor-size-small{font-size:15px}.elementor-widget-heading .elementor-heading-title.elementor-size-medium{font-size:19px}.elementor-widget-heading .elementor-heading-title.elementor-size-large{font-size:29px}.elementor-widget-heading .elementor-heading-title.elementor-size-xl{font-size:39px}.elementor-widget-heading .elementor-heading-title.elementor-size-xxl{font-size:59px}<\/style><h2 class=\"elementor-heading-title elementor-size-default\">Th\u00f4ng tin li\u00ean h\u1ec7 v\u1ec1 \nTC WINE<\/h2>\t\t<\/div>\n\t\t\t\t<\/div>\n\t\t\t\t<div class=\"elementor-element elementor-element-1268ad0 elementor-widget elementor-widget-text-editor\" data-id=\"1268ad0\" data-element_type=\"widget\" data-widget_type=\"text-editor.default\">\n\t\t\t\t<div class=\"elementor-widget-container\">\n\t\t\t<style>\/*! elementor - v3.6.8 - 27-07-2022 *\/\n.elementor-widget-text-editor.elementor-drop-cap-view-stacked .elementor-drop-cap{background-color:#818a91;color:#fff}.elementor-widget-text-editor.elementor-drop-cap-view-framed .elementor-drop-cap{color:#818a91;border:3px solid;background-color:transparent}.elementor-widget-text-editor:not(.elementor-drop-cap-view-default) .elementor-drop-cap{margin-top:8px}.elementor-widget-text-editor:not(.elementor-drop-cap-view-default) .elementor-drop-cap-letter{width:1em;height:1em}.elementor-widget-text-editor .elementor-drop-cap{float:left;text-align:center;line-height:1;font-size:50px}.elementor-widget-text-editor .elementor-drop-cap-letter{display:inline-block}<\/style>\t\t\t\t<p>Ch\u00e0o m\u1eebng b\u1ea1n \u0111\u1ebfn v\u1edbi TC WINE. Ch\u00fang t\u00f4i kh\u00f4ng\u00a0 ch\u1ec9 ph\u00e2n ph\u1ed1i nh\u1eefng s\u1ea3n ph\u1ea9m r\u01b0\u1ee3u vang ch\u1ea5t l\u01b0\u1ee3ng cao, \u0111\u01b0\u1ee3c l\u1ef1a ch\u1ecdn c\u1ea9n th\u1eadn m\u00e0 c\u00f2n lu\u00f4n c\u1ed1 g\u1eafng h\u1ebft m\u00ecnh \u0111\u1ec3 mang l\u1ea1i \u0111a d\u1ea1ng c\u00e1c s\u1ea3n ph\u1ea9m \u1edf m\u1ecdi m\u1ee9c gi\u00e1 \u0111\u00e1p \u1ee9ng nhu c\u1ea7u ti\u00eau d\u00f9ng c\u1ee7a kh\u00e1ch h\u00e0ng.<\/p>\t\t\t\t\t\t<\/div>\n\t\t\t\t<\/div>\n\t\t\t\t<div class=\"elementor-element elementor-element-d6c0d09 elementor-view-framed elementor-position-left elementor-vertical-align-middle policy-contact elementor-shape-circle elementor-mobile-position-top elementor-widget elementor-widget-icon-box\" data-id=\"d6c0d09\" data-element_type=\"widget\" data-widget_type=\"icon-box.default\">\n\t\t\t\t<div class=\"elementor-widget-container\">\n\t\t\t<link rel=\"stylesheet\" href=\"https:\/\/tcwine.vn\/wp-content\/plugins\/elementor\/assets\/css\/widget-icon-box.min.css\">\t\t<div class=\"elementor-icon-box-wrapper\">\n\t\t\t\t\t\t<div class=\"elementor-icon-box-icon\">\n\t\t\t\t<a class=\"elementor-icon elementor-animation-\" href=\"https:\/\/goo.gl\/maps\/tGwmQTDVdMcbWsZL7\">\n\t\t\t\t<i aria-hidden=\"true\" class=\"fas fa-map-marker-alt\"><\/i>\t\t\t\t<\/a>\n\t\t\t<\/div>\n\t\t\t\t\t\t<div class=\"elementor-icon-box-content\">\n\t\t\t\t<div class=\"elementor-icon-box-title\">\n\t\t\t\t\t<a href=\"https:\/\/goo.gl\/maps\/tGwmQTDVdMcbWsZL7\" >\n\t\t\t\t\t\t\u0110\u1ecba ch\u1ec9\t\t\t\t\t<\/a>\n\t\t\t\t<\/div>\n\t\t\t\t\t\t\t\t\t<p class=\"elementor-icon-box-description\">\n\t\t\t\t\t\t15\/35B Ph\u1ea1m V\u0103n Hai, Ph\u01b0\u1eddng 1, Qu\u1eadn T\u00e2n B\u00ecnh, Tp. H\u1ed3 Ch\u00ed Minh\t\t\t\t\t<\/p>\n\t\t\t\t\t\t\t<\/div>\n\t\t<\/div>\n\t\t\t\t<\/div>\n\t\t\t\t<\/div>\n\t\t\t\t<div class=\"elementor-element elementor-element-5ac4bbe elementor-view-framed elementor-position-left elementor-vertical-align-middle policy-contact elementor-shape-circle elementor-mobile-position-top elementor-widget elementor-widget-icon-box\" data-id=\"5ac4bbe\" data-element_type=\"widget\" data-widget_type=\"icon-box.default\">\n\t\t\t\t<div class=\"elementor-widget-container\">\n\t\t\t\t\t<div class=\"elementor-icon-box-wrapper\">\n\t\t\t\t\t\t<div class=\"elementor-icon-box-icon\">\n\t\t\t\t<a class=\"elementor-icon elementor-animation-\" href=\"tel:0983%20838%20778\">\n\t\t\t\t<i aria-hidden=\"true\" class=\"fas fa-phone-alt\"><\/i>\t\t\t\t<\/a>\n\t\t\t<\/div>\n\t\t\t\t\t\t<div class=\"elementor-icon-box-content\">\n\t\t\t\t<div class=\"elementor-icon-box-title\">\n\t\t\t\t\t<a href=\"tel:0983%20838%20778\" >\n\t\t\t\t\t\t\u0110i\u1ec7n tho\u1ea1i\t\t\t\t\t<\/a>\n\t\t\t\t<\/div>\n\t\t\t\t\t\t\t\t\t<p class=\"elementor-icon-box-description\">\n\t\t\t\t\t\t(+84)9 8383 8778\t\t\t\t\t<\/p>\n\t\t\t\t\t\t\t<\/div>\n\t\t<\/div>\n\t\t\t\t<\/div>\n\t\t\t\t<\/div>\n\t\t\t\t<div class=\"elementor-element elementor-element-556629b elementor-view-framed elementor-position-left elementor-vertical-align-middle policy-contact elementor-shape-circle elementor-mobile-position-top elementor-widget elementor-widget-icon-box\" data-id=\"556629b\" data-element_type=\"widget\" data-widget_type=\"icon-box.default\">\n\t\t\t\t<div class=\"elementor-widget-container\">\n\t\t\t\t\t<div class=\"elementor-icon-box-wrapper\">\n\t\t\t\t\t\t<div class=\"elementor-icon-box-icon\">\n\t\t\t\t<a class=\"elementor-icon elementor-animation-\" href=\"mailto:info@tcwine.vn\">\n\t\t\t\t<i aria-hidden=\"true\" class=\"fas fa-envelope\"><\/i>\t\t\t\t<\/a>\n\t\t\t<\/div>\n\t\t\t\t\t\t<div class=\"elementor-icon-box-content\">\n\t\t\t\t<div class=\"elementor-icon-box-title\">\n\t\t\t\t\t<a href=\"mailto:info@tcwine.vn\" >\n\t\t\t\t\t\tEmail\t\t\t\t\t<\/a>\n\t\t\t\t<\/div>\n\t\t\t\t\t\t\t\t\t<p class=\"elementor-icon-box-description\">\n\t\t\t\t\t\tinfo@tcwine.vn\t\t\t\t\t<\/p>\n\t\t\t\t\t\t\t<\/div>\n\t\t<\/div>\n\t\t\t\t<\/div>\n\t\t\t\t<\/div>\n\t\t\t\t\t<\/div>\n\t\t<\/div>\n\t\t\t\t<div class=\"elementor-column elementor-col-50 elementor-top-column elementor-element elementor-element-bf34dcf\" data-id=\"bf34dcf\" data-element_type=\"column\" data-settings=\"{&quot;background_background&quot;:&quot;classic&quot;}\">\n\t\t\t<div class=\"elementor-widget-wrap elementor-element-populated\">\n\t\t\t\t\t\t\t\t<div class=\"elementor-element elementor-element-d61af38 elementor-widget elementor-widget-heading\" data-id=\"d61af38\" data-element_type=\"widget\" data-widget_type=\"heading.default\">\n\t\t\t\t<div class=\"elementor-widget-container\">\n\t\t\t<h2 class=\"elementor-heading-title elementor-size-default\">Vui l\u00f2ng g\u1eedi tin nh\u1eafn cho <br\/>ch\u00fang t\u00f4i<\/h2>\t\t<\/div>\n\t\t\t\t<\/div>\n\t\t\t\t<div class=\"elementor-element elementor-element-4994da7 elementor-widget elementor-widget-spacer\" data-id=\"4994da7\" data-element_type=\"widget\" data-widget_type=\"spacer.default\">\n\t\t\t\t<div class=\"elementor-widget-container\">\n\t\t\t<style>\/*! elementor - v3.6.8 - 27-07-2022 *\/\n.e-container.e-container--row .elementor-spacer-inner{width:var(--spacer-size)}.e-container.e-container--column .elementor-spacer-inner,.elementor-column .elementor-spacer-inner{height:var(--spacer-size)}<\/style>\t\t<div class=\"elementor-spacer\">\n\t\t\t<div class=\"elementor-spacer-inner\"><\/div>\n\t\t<\/div>\n\t\t\t\t<\/div>\n\t\t\t\t<\/div>\n\t\t\t\t<div class=\"elementor-element elementor-element-672b46a elementor-widget elementor-widget-shortcode\" data-id=\"672b46a\" data-element_type=\"widget\" data-widget_type=\"shortcode.default\">\n\t\t\t\t<div class=\"elementor-widget-container\">\n\t\t\t\t\t<div class=\"elementor-shortcode\"><div role=\"form\" class=\"wpcf7\" id=\"wpcf7-f24317-o1\" lang=\"en-US\" dir=\"ltr\">\n<div class=\"screen-reader-response\"><p role=\"status\" aria-live=\"polite\" aria-atomic=\"true\"><\/p> <ul><\/ul><\/div>\n<form action=\"\/en\/wp-json\/wp\/v2\/pages\/26899#wpcf7-f24317-o1\" method=\"post\" class=\"wpcf7-form init\" novalidate=\"novalidate\" data-status=\"init\">\n<div style=\"display: none;\">\n<input type=\"hidden\" name=\"_wpcf7\" value=\"24317\" \/>\n<input type=\"hidden\" name=\"_wpcf7_version\" value=\"5.6.1\" \/>\n<input type=\"hidden\" name=\"_wpcf7_locale\" value=\"en_US\" \/>\n<input type=\"hidden\" name=\"_wpcf7_unit_tag\" value=\"wpcf7-f24317-o1\" \/>\n<input type=\"hidden\" name=\"_wpcf7_container_post\" value=\"0\" \/>\n<input type=\"hidden\" name=\"_wpcf7_posted_data_hash\" value=\"\" \/>\n<\/div>\n<div class=\"contact-us-form\">\n<div class=\"row\">\n<div class=\"col-sm-12 col-md-6\">\n        <span class=\"wpcf7-form-control-wrap\" data-name=\"Name\"><input type=\"text\" name=\"Name\" value=\"\" size=\"40\" class=\"wpcf7-form-control wpcf7-text wpcf7-validates-as-required\" aria-required=\"true\" aria-invalid=\"false\" placeholder=\"T\u00ean\" \/><\/span>\n    <\/div>\n<div class=\"col-sm-12 col-md-6\">\n        <span class=\"wpcf7-form-control-wrap\" data-name=\"Email\"><input type=\"email\" name=\"Email\" value=\"\" size=\"40\" class=\"wpcf7-form-control wpcf7-text wpcf7-email wpcf7-validates-as-required wpcf7-validates-as-email\" aria-required=\"true\" aria-invalid=\"false\" placeholder=\"Email\" \/><\/span>\n    <\/div>\n<\/div>\n<div class=\"row\">\n<div class=\"col-sm-12\">\n<span class=\"wpcf7-form-control-wrap\" data-name=\"textarea-982\"><textarea name=\"textarea-982\" cols=\"40\" rows=\"10\" class=\"wpcf7-form-control wpcf7-textarea wpcf7-validates-as-required\" aria-required=\"true\" aria-invalid=\"false\" placeholder=\"Tin nh\u1eafn...\"><\/textarea><\/span>\n<\/div>\n<\/div>\n<div class=\"button\">\n<input type=\"submit\" value=\"G\u1eedi tin nh\u1eafn\" class=\"wpcf7-form-control has-spinner wpcf7-submit\" \/>\n<\/div>\n<\/div>\n<div class=\"wpcf7-response-output\" aria-hidden=\"true\"><\/div><\/form><\/div><\/div>\n\t\t\t\t<\/div>\n\t\t\t\t<\/div>\n\t\t\t\t\t<\/div>\n\t\t<\/div>\n\t\t\t\t\t\t\t<\/div>\n\t\t<\/section>\n\t\t\t\t<section class=\"elementor-section elementor-top-section elementor-element elementor-element-a91ee2e elementor-section-boxed elementor-section-height-default elementor-section-height-default\" data-id=\"a91ee2e\" data-element_type=\"section\" data-settings=\"{&quot;background_background&quot;:&quot;classic&quot;}\">\n\t\t\t\t\t\t<div class=\"elementor-container elementor-column-gap-extended\">\n\t\t\t\t\t<div class=\"elementor-column elementor-col-50 elementor-top-column elementor-element elementor-element-aeb4c41\" data-id=\"aeb4c41\" data-element_type=\"column\">\n\t\t\t<div class=\"elementor-widget-wrap elementor-element-populated\">\n\t\t\t\t\t\t\t\t<div class=\"elementor-element elementor-element-58985eb text-block-wapper-2 elementor-widget-tablet__width-auto elementor-widget elementor-widget-text-editor\" data-id=\"58985eb\" data-element_type=\"widget\" data-widget_type=\"text-editor.default\">\n\t\t\t\t<div class=\"elementor-widget-container\">\n\t\t\t\t\t\t\t<p><strong>\u0110\u0102NG K\u00dd CHO KH\u00c1CH H\u00c0NG M\u1edaI<\/strong><\/p><p><span style=\"font-weight: 300;\">Lu\u00f4n c\u1eadp nh\u1eadt nh\u1eefng th\u00f4ng tin m\u1edbi nh\u1ea5t t\u1eeb \u200b\u200bth\u1ebf gi\u1edbi r\u01b0\u1ee3u vang tuy\u1ec7t v\u1eddi c\u1ee7a ch\u00fang t\u00f4i.<\/span><\/p>\t\t\t\t\t\t<\/div>\n\t\t\t\t<\/div>\n\t\t\t\t\t<\/div>\n\t\t<\/div>\n\t\t\t\t<div class=\"elementor-column elementor-col-50 elementor-top-column elementor-element elementor-element-6575b92\" data-id=\"6575b92\" data-element_type=\"column\">\n\t\t\t<div class=\"elementor-widget-wrap elementor-element-populated\">\n\t\t\t\t\t\t\t\t<div class=\"elementor-element elementor-element-6615f0b elementor-widget__width-inherit elementor-widget elementor-widget-shortcode\" data-id=\"6615f0b\" data-element_type=\"widget\" data-widget_type=\"shortcode.default\">\n\t\t\t\t<div class=\"elementor-widget-container\">\n\t\t\t\t\t<div class=\"elementor-shortcode\"><div role=\"form\" class=\"wpcf7\" id=\"wpcf7-f1287-o2\" lang=\"en-US\" dir=\"ltr\">\n<div class=\"screen-reader-response\"><p role=\"status\" aria-live=\"polite\" aria-atomic=\"true\"><\/p> <ul><\/ul><\/div>\n<form action=\"\/en\/wp-json\/wp\/v2\/pages\/26899#wpcf7-f1287-o2\" method=\"post\" class=\"wpcf7-form init\" novalidate=\"novalidate\" data-status=\"init\">\n<div style=\"display: none;\">\n<input type=\"hidden\" name=\"_wpcf7\" value=\"1287\" \/>\n<input type=\"hidden\" name=\"_wpcf7_version\" value=\"5.6.1\" \/>\n<input type=\"hidden\" name=\"_wpcf7_locale\" value=\"en_US\" \/>\n<input type=\"hidden\" name=\"_wpcf7_unit_tag\" value=\"wpcf7-f1287-o2\" \/>\n<input type=\"hidden\" name=\"_wpcf7_container_post\" value=\"0\" \/>\n<input type=\"hidden\" name=\"_wpcf7_posted_data_hash\" value=\"\" \/>\n<\/div>\n<div class=\"wpbingo-newsletter newsletter-default\">\n<div class=\"content-newsletter\">\n<span class=\"wpcf7-form-control-wrap\" data-name=\"your-email\"><input type=\"email\" name=\"your-email\" value=\"\" size=\"40\" class=\"wpcf7-form-control wpcf7-text wpcf7-email wpcf7-validates-as-required wpcf7-validates-as-email\" aria-required=\"true\" aria-invalid=\"false\" placeholder=\"Your email address...\" \/><\/span><span class=\"clearfix\"><input type=\"submit\" value=\"Confirm\" class=\"wpcf7-form-control has-spinner wpcf7-submit\" \/><\/span>\n<\/div>\n<\/div>\n<div class=\"wpcf7-response-output\" aria-hidden=\"true\"><\/div><\/form><\/div><\/div>\n\t\t\t\t<\/div>\n\t\t\t\t<\/div>\n\t\t\t\t\t<\/div>\n\t\t<\/div>\n\t\t\t\t\t\t\t<\/div>\n\t\t<\/section>\n\t\t\t\t\t\t\t<\/div>\n\t\t","protected":false},"excerpt":{"rendered":"<p>Th\u00f4ng tin li\u00ean h\u1ec7 v\u1ec1 TC WINE Ch\u00e0o m\u1eebng b\u1ea1n \u0111\u1ebfn v\u1edbi TC WINE. Ch\u00fang t\u00f4i kh\u00f4ng\u00a0 ch\u1ec9 ph\u00e2n ph\u1ed1i nh\u1eefng s\u1ea3n ph\u1ea9m r\u01b0\u1ee3u vang ch\u1ea5t l\u01b0\u1ee3ng cao, \u0111\u01b0\u1ee3c l\u1ef1a ch\u1ecdn c\u1ea9n th\u1eadn m\u00e0 c\u00f2n lu\u00f4n c\u1ed1 g\u1eafng h\u1ebft m\u00ecnh \u0111\u1ec3 mang l\u1ea1i \u0111a d\u1ea1ng c\u00e1c s\u1ea3n ph\u1ea9m \u1edf m\u1ecdi m\u1ee9c gi\u00e1 \u0111\u00e1p \u1ee9ng nhu [&hellip;]<\/p>\n","protected":false},"author":1,"featured_media":0,"parent":0,"menu_order":0,"comment_status":"closed","ping_status":"closed","template":"","meta":[],"yoast_head":"<!-- This site is optimized with the Yoast SEO plugin v19.6.1 - https:\/\/yoast.com\/wordpress\/plugins\/seo\/ -->\n<title>Li\u00ean h\u1ec7 - TC Wine<\/title>\n<meta name=\"robots\" content=\"index, follow, max-snippet:-1, max-image-preview:large, max-video-preview:-1\" \/>\n<link rel=\"canonical\" href=\"https:\/\/tcwine.vn\/en\/lien-he\/\" \/>\n<meta property=\"og:locale\" content=\"en_US\" \/>\n<meta property=\"og:type\" content=\"article\" \/>\n<meta property=\"og:title\" content=\"Li\u00ean h\u1ec7 - TC Wine\" \/>\n<meta property=\"og:description\" content=\"Th\u00f4ng tin li\u00ean h\u1ec7 v\u1ec1 TC WINE Ch\u00e0o m\u1eebng b\u1ea1n \u0111\u1ebfn v\u1edbi TC WINE. Ch\u00fang t\u00f4i kh\u00f4ng\u00a0 ch\u1ec9 ph\u00e2n ph\u1ed1i nh\u1eefng s\u1ea3n ph\u1ea9m r\u01b0\u1ee3u vang ch\u1ea5t l\u01b0\u1ee3ng cao, \u0111\u01b0\u1ee3c l\u1ef1a ch\u1ecdn c\u1ea9n th\u1eadn m\u00e0 c\u00f2n lu\u00f4n c\u1ed1 g\u1eafng h\u1ebft m\u00ecnh \u0111\u1ec3 mang l\u1ea1i \u0111a d\u1ea1ng c\u00e1c s\u1ea3n ph\u1ea9m \u1edf m\u1ecdi m\u1ee9c gi\u00e1 \u0111\u00e1p \u1ee9ng nhu [&hellip;]\" \/>\n<meta property=\"og:url\" content=\"https:\/\/tcwine.vn\/en\/lien-he\/\" \/>\n<meta property=\"og:site_name\" content=\"TC Wine\" \/>\n<meta property=\"article:modified_time\" content=\"2023-02-01T17:44:30+00:00\" \/>\n<meta name=\"twitter:card\" content=\"summary_large_image\" \/>\n<meta name=\"twitter:label1\" content=\"Est. reading time\" \/>\n\t<meta name=\"twitter:data1\" content=\"1 minute\" \/>\n<script type=\"application\/ld+json\" class=\"yoast-schema-graph\">{\"@context\":\"https:\/\/schema.org\",\"@graph\":[{\"@type\":\"WebPage\",\"@id\":\"https:\/\/tcwine.vn\/en\/lien-he\/\",\"url\":\"https:\/\/tcwine.vn\/en\/lien-he\/\",\"name\":\"Li\u00ean h\u1ec7 - TC Wine\",\"isPartOf\":{\"@id\":\"https:\/\/tcwine.vn\/#website\"},\"datePublished\":\"2020-09-08T04:43:26+00:00\",\"dateModified\":\"2023-02-01T17:44:30+00:00\",\"breadcrumb\":{\"@id\":\"https:\/\/tcwine.vn\/en\/lien-he\/#breadcrumb\"},\"inLanguage\":\"en\",\"potentialAction\":[{\"@type\":\"ReadAction\",\"target\":[\"https:\/\/tcwine.vn\/en\/lien-he\/\"]}]},{\"@type\":\"BreadcrumbList\",\"@id\":\"https:\/\/tcwine.vn\/en\/lien-he\/#breadcrumb\",\"itemListElement\":[{\"@type\":\"ListItem\",\"position\":1,\"name\":\"Trang ch\u1ee7\",\"item\":\"https:\/\/tcwine.vn\/en\/intro\/\"},{\"@type\":\"ListItem\",\"position\":2,\"name\":\"Li\u00ean h\u1ec7\"}]},{\"@type\":\"WebSite\",\"@id\":\"https:\/\/tcwine.vn\/#website\",\"url\":\"https:\/\/tcwine.vn\/\",\"name\":\"TC Wine\",\"description\":\"\",\"potentialAction\":[{\"@type\":\"SearchAction\",\"target\":{\"@type\":\"EntryPoint\",\"urlTemplate\":\"https:\/\/tcwine.vn\/?s={search_term_string}\"},\"query-input\":\"required name=search_term_string\"}],\"inLanguage\":\"en\"}]}<\/script>\n<!-- \/ Yoast SEO plugin. -->","yoast_head_json":{"title":"Li\u00ean h\u1ec7 - TC Wine","robots":{"index":"index","follow":"follow","max-snippet":"max-snippet:-1","max-image-preview":"max-image-preview:large","max-video-preview":"max-video-preview:-1"},"canonical":"https:\/\/tcwine.vn\/en\/lien-he\/","og_locale":"en_US","og_type":"article","og_title":"Li\u00ean h\u1ec7 - TC Wine","og_description":"Th\u00f4ng tin li\u00ean h\u1ec7 v\u1ec1 TC WINE Ch\u00e0o m\u1eebng b\u1ea1n \u0111\u1ebfn v\u1edbi TC WINE. Ch\u00fang t\u00f4i kh\u00f4ng\u00a0 ch\u1ec9 ph\u00e2n ph\u1ed1i nh\u1eefng s\u1ea3n ph\u1ea9m r\u01b0\u1ee3u vang ch\u1ea5t l\u01b0\u1ee3ng cao, \u0111\u01b0\u1ee3c l\u1ef1a ch\u1ecdn c\u1ea9n th\u1eadn m\u00e0 c\u00f2n lu\u00f4n c\u1ed1 g\u1eafng h\u1ebft m\u00ecnh \u0111\u1ec3 mang l\u1ea1i \u0111a d\u1ea1ng c\u00e1c s\u1ea3n ph\u1ea9m \u1edf m\u1ecdi m\u1ee9c gi\u00e1 \u0111\u00e1p \u1ee9ng nhu [&hellip;]","og_url":"https:\/\/tcwine.vn\/en\/lien-he\/","og_site_name":"TC Wine","article_modified_time":"2023-02-01T17:44:30+00:00","twitter_card":"summary_large_image","twitter_misc":{"Est. reading time":"1 minute"},"schema":{"@context":"https:\/\/schema.org","@graph":[{"@type":"WebPage","@id":"https:\/\/tcwine.vn\/en\/lien-he\/","url":"https:\/\/tcwine.vn\/en\/lien-he\/","name":"Li\u00ean h\u1ec7 - TC Wine","isPartOf":{"@id":"https:\/\/tcwine.vn\/#website"},"datePublished":"2020-09-08T04:43:26+00:00","dateModified":"2023-02-01T17:44:30+00:00","breadcrumb":{"@id":"https:\/\/tcwine.vn\/en\/lien-he\/#breadcrumb"},"inLanguage":"en","potentialAction":[{"@type":"ReadAction","target":["https:\/\/tcwine.vn\/en\/lien-he\/"]}]},{"@type":"BreadcrumbList","@id":"https:\/\/tcwine.vn\/en\/lien-he\/#breadcrumb","itemListElement":[{"@type":"ListItem","position":1,"name":"Trang ch\u1ee7","item":"https:\/\/tcwine.vn\/en\/intro\/"},{"@type":"ListItem","position":2,"name":"Li\u00ean h\u1ec7"}]},{"@type":"WebSite","@id":"https:\/\/tcwine.vn\/#website","url":"https:\/\/tcwine.vn\/","name":"TC Wine","description":"","potentialAction":[{"@type":"SearchAction","target":{"@type":"EntryPoint","urlTemplate":"https:\/\/tcwine.vn\/?s={search_term_string}"},"query-input":"required name=search_term_string"}],"inLanguage":"en"}]}},"_links":{"self":[{"href":"https:\/\/tcwine.vn\/en\/wp-json\/wp\/v2\/pages\/26899"}],"collection":[{"href":"https:\/\/tcwine.vn\/en\/wp-json\/wp\/v2\/pages"}],"about":[{"href":"https:\/\/tcwine.vn\/en\/wp-json\/wp\/v2\/types\/page"}],"author":[{"embeddable":true,"href":"https:\/\/tcwine.vn\/en\/wp-json\/wp\/v2\/users\/1"}],"replies":[{"embeddable":true,"href":"https:\/\/tcwine.vn\/en\/wp-json\/wp\/v2\/comments?post=26899"}],"version-history":[{"count":4,"href":"https:\/\/tcwine.vn\/en\/wp-json\/wp\/v2\/pages\/26899\/revisions"}],"predecessor-version":[{"id":27320,"href":"https:\/\/tcwine.vn\/en\/wp-json\/wp\/v2\/pages\/26899\/revisions\/27320"}],"wp:attachment":[{"href":"https:\/\/tcwine.vn\/en\/wp-json\/wp\/v2\/media?parent=26899"}],"curies":[{"name":"wp","href":"https:\/\/api.w.org\/{rel}","templated":true}]}}