{"id":26889,"date":"2022-09-15T06:09:05","date_gmt":"2022-09-15T06:09:05","guid":{"rendered":"https:\/\/tcwine.vn\/tc-wine-lounge-rooftop\/"},"modified":"2022-12-01T09:16:04","modified_gmt":"2022-12-01T09:16:04","slug":"tc-wine-lounge-rooftop","status":"publish","type":"page","link":"https:\/\/tcwine.vn\/en\/tc-wine-lounge-rooftop\/","title":{"rendered":"TC Wine Lounge &#038; Rooftop"},"content":{"rendered":"\t\t<div data-elementor-type=\"wp-page\" data-elementor-id=\"26889\" class=\"elementor elementor-26889 elementor-25290\">\n\t\t\t\t\t\t\t\t\t<section class=\"elementor-section elementor-top-section elementor-element elementor-element-95811bd elementor-section-full_width elementor-section-height-default elementor-section-height-default\" data-id=\"95811bd\" data-element_type=\"section\" data-settings=\"{&quot;background_background&quot;:&quot;classic&quot;}\">\n\t\t\t\t\t\t<div class=\"elementor-container elementor-column-gap-default\">\n\t\t\t\t\t<div class=\"elementor-column elementor-col-100 elementor-top-column elementor-element elementor-element-ab87236\" data-id=\"ab87236\" data-element_type=\"column\">\n\t\t\t<div class=\"elementor-widget-wrap elementor-element-populated\">\n\t\t\t\t\t\t\t\t<section class=\"elementor-section elementor-inner-section elementor-element elementor-element-33edca1 elementor-section-boxed elementor-section-height-default elementor-section-height-default\" data-id=\"33edca1\" data-element_type=\"section\">\n\t\t\t\t\t\t<div class=\"elementor-container elementor-column-gap-default\">\n\t\t\t\t\t<div class=\"elementor-column elementor-col-100 elementor-inner-column elementor-element elementor-element-b070105\" data-id=\"b070105\" data-element_type=\"column\">\n\t\t\t<div class=\"elementor-widget-wrap elementor-element-populated\">\n\t\t\t\t\t\t\t\t<div class=\"elementor-element elementor-element-3f0b2b7 elementor-widget elementor-widget-heading\" data-id=\"3f0b2b7\" data-element_type=\"widget\" data-widget_type=\"heading.default\">\n\t\t\t\t<div class=\"elementor-widget-container\">\n\t\t\t<style>\/*! elementor - v3.6.8 - 27-07-2022 *\/\n.elementor-heading-title{padding:0;margin:0;line-height:1}.elementor-widget-heading .elementor-heading-title[class*=elementor-size-]>a{color:inherit;font-size:inherit;line-height:inherit}.elementor-widget-heading .elementor-heading-title.elementor-size-small{font-size:15px}.elementor-widget-heading .elementor-heading-title.elementor-size-medium{font-size:19px}.elementor-widget-heading .elementor-heading-title.elementor-size-large{font-size:29px}.elementor-widget-heading .elementor-heading-title.elementor-size-xl{font-size:39px}.elementor-widget-heading .elementor-heading-title.elementor-size-xxl{font-size:59px}<\/style><h2 class=\"elementor-heading-title elementor-size-default\">V\u1ec0 CH\u00daNG T\u00d4I<\/h2>\t\t<\/div>\n\t\t\t\t<\/div>\n\t\t\t\t<div class=\"elementor-element elementor-element-fa197ae elementor-widget elementor-widget-spacer\" data-id=\"fa197ae\" data-element_type=\"widget\" data-widget_type=\"spacer.default\">\n\t\t\t\t<div class=\"elementor-widget-container\">\n\t\t\t<style>\/*! elementor - v3.6.8 - 27-07-2022 *\/\n.e-container.e-container--row .elementor-spacer-inner{width:var(--spacer-size)}.e-container.e-container--column .elementor-spacer-inner,.elementor-column .elementor-spacer-inner{height:var(--spacer-size)}<\/style>\t\t<div class=\"elementor-spacer\">\n\t\t\t<div class=\"elementor-spacer-inner\"><\/div>\n\t\t<\/div>\n\t\t\t\t<\/div>\n\t\t\t\t<\/div>\n\t\t\t\t<div class=\"elementor-element elementor-element-278e63c elementor-widget elementor-widget-heading\" data-id=\"278e63c\" data-element_type=\"widget\" data-widget_type=\"heading.default\">\n\t\t\t\t<div class=\"elementor-widget-container\">\n\t\t\t<h2 class=\"elementor-heading-title elementor-size-default\">V\u1ec1 TC Wine <br>\nv\u00e0 \u0111\u1ed9i ng\u0169 ch\u00fang t\u00f4i<\/h2>\t\t<\/div>\n\t\t\t\t<\/div>\n\t\t\t\t<div class=\"elementor-element elementor-element-ebf9966 elementor-widget elementor-widget-spacer\" data-id=\"ebf9966\" data-element_type=\"widget\" data-widget_type=\"spacer.default\">\n\t\t\t\t<div class=\"elementor-widget-container\">\n\t\t\t\t\t<div class=\"elementor-spacer\">\n\t\t\t<div class=\"elementor-spacer-inner\"><\/div>\n\t\t<\/div>\n\t\t\t\t<\/div>\n\t\t\t\t<\/div>\n\t\t\t\t<div class=\"elementor-element elementor-element-d492fa3 text-about elementor-view-default elementor-widget elementor-widget-icon\" data-id=\"d492fa3\" data-element_type=\"widget\" data-widget_type=\"icon.default\">\n\t\t\t\t<div class=\"elementor-widget-container\">\n\t\t\t\t\t<div class=\"elementor-icon-wrapper\">\n\t\t\t<div class=\"elementor-icon\">\n\t\t\t\t\t\t<\/div>\n\t\t<\/div>\n\t\t\t\t<\/div>\n\t\t\t\t<\/div>\n\t\t\t\t\t<\/div>\n\t\t<\/div>\n\t\t\t\t\t\t\t<\/div>\n\t\t<\/section>\n\t\t\t\t\t<\/div>\n\t\t<\/div>\n\t\t\t\t\t\t\t<\/div>\n\t\t<\/section>\n\t\t\t\t<section class=\"elementor-section elementor-top-section elementor-element elementor-element-70275a75 elementor-section-boxed elementor-section-height-default elementor-section-height-default\" data-id=\"70275a75\" data-element_type=\"section\">\n\t\t\t\t\t\t<div class=\"elementor-container elementor-column-gap-default\">\n\t\t\t\t\t<div class=\"elementor-column elementor-col-100 elementor-top-column elementor-element elementor-element-6188a6a2\" data-id=\"6188a6a2\" data-element_type=\"column\">\n\t\t\t<div class=\"elementor-widget-wrap elementor-element-populated\">\n\t\t\t\t\t\t\t\t<div class=\"elementor-element elementor-element-479e2416 elementor-widget elementor-widget-text-editor\" data-id=\"479e2416\" data-element_type=\"widget\" data-widget_type=\"text-editor.default\">\n\t\t\t\t<div class=\"elementor-widget-container\">\n\t\t\t<style>\/*! elementor - v3.6.8 - 27-07-2022 *\/\n.elementor-widget-text-editor.elementor-drop-cap-view-stacked .elementor-drop-cap{background-color:#818a91;color:#fff}.elementor-widget-text-editor.elementor-drop-cap-view-framed .elementor-drop-cap{color:#818a91;border:3px solid;background-color:transparent}.elementor-widget-text-editor:not(.elementor-drop-cap-view-default) .elementor-drop-cap{margin-top:8px}.elementor-widget-text-editor:not(.elementor-drop-cap-view-default) .elementor-drop-cap-letter{width:1em;height:1em}.elementor-widget-text-editor .elementor-drop-cap{float:left;text-align:center;line-height:1;font-size:50px}.elementor-widget-text-editor .elementor-drop-cap-letter{display:inline-block}<\/style>\t\t\t\t<h2 style=\"text-align: center;\"><strong>TC Wine Lounge &amp; Rooftop<br \/><\/strong><strong><br \/>N\u01a1i hoa\u0300n ha\u0309o cho nh\u01b0\u0303ng s\u01b0\u0323 ki\u1ec7n \u0111\u1eb7c bi\u1ec7t<\/strong><\/h2>\t\t\t\t\t\t<\/div>\n\t\t\t\t<\/div>\n\t\t\t\t<section class=\"elementor-section elementor-inner-section elementor-element elementor-element-f2e43c3 elementor-section-boxed elementor-section-height-default elementor-section-height-default\" data-id=\"f2e43c3\" data-element_type=\"section\">\n\t\t\t\t\t\t<div class=\"elementor-container elementor-column-gap-default\">\n\t\t\t\t\t<div class=\"elementor-column elementor-col-50 elementor-inner-column elementor-element elementor-element-e50d330\" data-id=\"e50d330\" data-element_type=\"column\">\n\t\t\t<div class=\"elementor-widget-wrap elementor-element-populated\">\n\t\t\t\t\t\t\t\t<div class=\"elementor-element elementor-element-b91346c elementor-widget elementor-widget-image\" data-id=\"b91346c\" data-element_type=\"widget\" data-widget_type=\"image.default\">\n\t\t\t\t<div class=\"elementor-widget-container\">\n\t\t\t<style>\/*! elementor - v3.6.8 - 27-07-2022 *\/\n.elementor-widget-image{text-align:center}.elementor-widget-image a{display:inline-block}.elementor-widget-image a img[src$=\".svg\"]{width:48px}.elementor-widget-image img{vertical-align:middle;display:inline-block}<\/style>\t\t\t\t\t\t\t\t\t\t\t\t<img width=\"1024\" height=\"573\" src=\"https:\/\/tcwine.vn\/wp-content\/uploads\/2022\/09\/rooftop-1024x573.jpg\" class=\"attachment-large size-large\" alt=\"\" loading=\"lazy\" \/>\t\t\t\t\t\t\t\t\t\t\t\t\t\t\t<\/div>\n\t\t\t\t<\/div>\n\t\t\t\t\t<\/div>\n\t\t<\/div>\n\t\t\t\t<div class=\"elementor-column elementor-col-50 elementor-inner-column elementor-element elementor-element-2724e47\" data-id=\"2724e47\" data-element_type=\"column\">\n\t\t\t<div class=\"elementor-widget-wrap elementor-element-populated\">\n\t\t\t\t\t\t\t\t<div class=\"elementor-element elementor-element-4a0e0d4 elementor-widget elementor-widget-text-editor\" data-id=\"4a0e0d4\" data-element_type=\"widget\" data-widget_type=\"text-editor.default\">\n\t\t\t\t<div class=\"elementor-widget-container\">\n\t\t\t\t\t\t\t<p>B\u01b0\u01a1\u0301c ch\u00e2n va\u0300o s\u1ea3nh r\u01b0\u1ee3u sang tr\u1ecdng cho \u0111\u1ebfn qu\u1ea7y bar s\u00e2n th\u01b0\u01a1\u0323ng lung linh ngo\u00e0i tr\u1eddi, ba\u0323n se\u0303 c\u01b0\u0323c ki\u0300 \u00e2\u0301n t\u01b0\u01a1\u0323ng v\u01a1\u0301i TC Wine Lounge &amp; Rooftop, m\u1ed9t \u0111i\u1ec3m \u0111\u00ea\u0301n th\u1eddi th\u01b0\u1ee3ng v\u1edbi nh\u1eefng m\u00f3n \u0103n tuy\u1ec7t v\u01a1\u0300i hoa\u0300n ha\u0309o cho m\u1ed9t \u0111\u00eam ti\u1ec7c t\u00f4\u0301i ho\u1eb7c n\u01a1i g\u1eb7p g\u01a1\u0303 ba\u0323n be\u0300 th\u1eadt chill.<\/p><p>Kh\u00f4ng gian Wine Lounge &amp; Rooftop \u1ea5m c\u00fang, m\u1edbi m\u1ebb v\u00e0 trang nh\u00e3 v\u01a1\u0301i s\u1ee9c ch\u1ee9a l\u00ean \u0111\u1ebfn 50 kh\u00e1ch v\u00e0 mang \u0111\u1ebfn tr\u1ea3i nghi\u1ec7m \u0111\u1ed9c \u0111\u00e1o v\u01a1\u0301i phong c\u00e1ch chu\u00e2\u0309n nh\u00e2\u0301t.<\/p><p>T\u1ea7ng th\u01b0\u1ee3ng c\u1ee7a TC Wine l\u00e0 n\u01a1i ho\u00e0n h\u1ea3o \u0111\u1ec3 th\u01b0\u1edfng th\u1ee9c m\u1ed9t chu\u0301t \u0111\u1ed3 u\u1ed1ng khi ho\u00e0ng h\u00f4n bu\u00f4ng xu\u00f4\u0301ng v\u01a1\u0301i view nh\u00ecn ra trung t\u00e2m th\u00e0nh ph\u00f4\u0301 lung linh. Ha\u0303y \u0111\u1ebfn \u0111\u00e2y s\u1edbm \u0111\u1ec3 ch\u1ecdn m\u1ed9t v\u1ecb tr\u00ed \u0111\u1eb9p va\u0300 th\u01b0\u1edfng th\u1ee9c m\u1ed9t v\u00e0i m\u00f3n \u0103n nh\u1eb9 ngon mi\u1ec7ng, ng\u00f4\u0300i th\u01b0 gi\u00e3n v\u01a1\u0301i m\u1ed9t ly r\u01b0\u01a1\u0323u vang \u0111i\u0301ch th\u01b0\u0323c t\u01b0\u0300 nh\u01b0\u0303ng chai vang n\u00f4\u0309i ti\u00ea\u0301p kh\u0103\u0301p th\u00ea\u0301 gi\u01a1\u0301i \u0111\u01b0\u01a1\u0323c TC Wine tuy\u00ea\u0309n cho\u0323n trong b\u1ed9 s\u01b0u t\u1eadp vang cu\u0309a mi\u0300nh nhe\u0301!<\/p>\t\t\t\t\t\t<\/div>\n\t\t\t\t<\/div>\n\t\t\t\t<div class=\"elementor-element elementor-element-dcf70e2 elementor-align-center elementor-widget elementor-widget-button\" data-id=\"dcf70e2\" data-element_type=\"widget\" data-widget_type=\"button.default\">\n\t\t\t\t<div class=\"elementor-widget-container\">\n\t\t\t\t\t<div class=\"elementor-button-wrapper\">\n\t\t\t<a href=\"https:\/\/zalo.me\/0983838778\" class=\"elementor-button-link elementor-button elementor-size-sm\" role=\"button\">\n\t\t\t\t\t\t<span class=\"elementor-button-content-wrapper\">\n\t\t\t\t\t\t<span class=\"elementor-button-text\">\u0110\u1eb6T B\u00c0N<\/span>\n\t\t<\/span>\n\t\t\t\t\t<\/a>\n\t\t<\/div>\n\t\t\t\t<\/div>\n\t\t\t\t<\/div>\n\t\t\t\t\t<\/div>\n\t\t<\/div>\n\t\t\t\t\t\t\t<\/div>\n\t\t<\/section>\n\t\t\t\t<section class=\"elementor-section elementor-inner-section elementor-element elementor-element-1c2323b elementor-section-boxed elementor-section-height-default elementor-section-height-default\" data-id=\"1c2323b\" data-element_type=\"section\">\n\t\t\t\t\t\t<div class=\"elementor-container elementor-column-gap-default\">\n\t\t\t\t\t<div class=\"elementor-column elementor-col-50 elementor-inner-column elementor-element elementor-element-ecc7944\" data-id=\"ecc7944\" data-element_type=\"column\">\n\t\t\t<div class=\"elementor-widget-wrap elementor-element-populated\">\n\t\t\t\t\t\t\t\t<div class=\"elementor-element elementor-element-d76037d elementor-widget elementor-widget-text-editor\" data-id=\"d76037d\" data-element_type=\"widget\" data-widget_type=\"text-editor.default\">\n\t\t\t\t<div class=\"elementor-widget-container\">\n\t\t\t\t\t\t\t<p>Du\u0300 ba\u0323n \u0111\u1eb7t ti\u1ec7c l\u1edbn hay nh\u1ecf, trang tro\u0323ng hay \u00e2\u0301m cu\u0301ng gia\u0309n \u0111\u01a1n thi\u0300 ch\u00fang t\u00f4i \u0111\u00ea\u0300u \u0111\u00e1p \u1ee9ng \u0111\u01b0\u01a1\u0323c m\u1ecdi nhu c\u1ea7u. T\u1eeb ti\u1ec7c t\u1ed1i v\u00e0 ti\u1ec7c r\u01b0\u01a1\u0323u \u0111\u1ebfn ti\u00ea\u0323c k\u1ef7 ni\u1ec7m th\u00e2n m\u1eadt hay nh\u01b0\u0303ng bu\u00f4\u0309i h\u1ecdp m\u1eb7t trang tro\u0323ng \u0111\u1ebfn d\u1ea1 ti\u1ec7c lung linh, kh\u00f4ng gian t\u1ed5 ch\u1ee9c s\u1ef1 ki\u1ec7n \u0111\u00ea\u0300u \u0111\u00e2\u0300y \u0111u\u0309 ti\u1ec7n nghi v\u00e0 ph\u00f9 h\u1ee3p v\u1edbi nhu c\u1ea7u cu\u0300ng v\u01a1\u0301i mong mu\u1ed1n c\u1ee7a kha\u0301ch.<\/p><p>TC Wine Lounge &amp; Rooftop se\u0303 l\u00e0 m\u1ed9t \u0111\u1ecba \u0111i\u1ec3m ho\u00e0n h\u1ea3o cho nh\u1eefng s\u1ef1 ki\u1ec7n \u0111a\u0301ng nh\u01a1\u0301 c\u1ee7a b\u1ea1n.<\/p>\t\t\t\t\t\t<\/div>\n\t\t\t\t<\/div>\n\t\t\t\t<div class=\"elementor-element elementor-element-b02ebbf elementor-align-center elementor-widget elementor-widget-button\" data-id=\"b02ebbf\" data-element_type=\"widget\" data-widget_type=\"button.default\">\n\t\t\t\t<div class=\"elementor-widget-container\">\n\t\t\t\t\t<div class=\"elementor-button-wrapper\">\n\t\t\t<a href=\"https:\/\/zalo.me\/0983838778\" class=\"elementor-button-link elementor-button elementor-size-sm\" role=\"button\">\n\t\t\t\t\t\t<span class=\"elementor-button-content-wrapper\">\n\t\t\t\t\t\t<span class=\"elementor-button-text\">\u0110\u1eb6T B\u00c0N<\/span>\n\t\t<\/span>\n\t\t\t\t\t<\/a>\n\t\t<\/div>\n\t\t\t\t<\/div>\n\t\t\t\t<\/div>\n\t\t\t\t\t<\/div>\n\t\t<\/div>\n\t\t\t\t<div class=\"elementor-column elementor-col-50 elementor-inner-column elementor-element elementor-element-4c2f6fa\" data-id=\"4c2f6fa\" data-element_type=\"column\">\n\t\t\t<div class=\"elementor-widget-wrap elementor-element-populated\">\n\t\t\t\t\t\t\t\t<div class=\"elementor-element elementor-element-70b9da7 elementor-widget elementor-widget-image\" data-id=\"70b9da7\" data-element_type=\"widget\" data-widget_type=\"image.default\">\n\t\t\t\t<div class=\"elementor-widget-container\">\n\t\t\t\t\t\t\t\t\t\t\t\t\t\t\t<img width=\"1000\" height=\"750\" src=\"https:\/\/tcwine.vn\/wp-content\/uploads\/2022\/09\/Lounge.jpg\" class=\"attachment-large size-large\" alt=\"\" loading=\"lazy\" \/>\t\t\t\t\t\t\t\t\t\t\t\t\t\t\t<\/div>\n\t\t\t\t<\/div>\n\t\t\t\t\t<\/div>\n\t\t<\/div>\n\t\t\t\t\t\t\t<\/div>\n\t\t<\/section>\n\t\t\t\t<section class=\"elementor-section elementor-inner-section elementor-element elementor-element-f846798 elementor-section-boxed elementor-section-height-default elementor-section-height-default\" data-id=\"f846798\" data-element_type=\"section\">\n\t\t\t\t\t\t<div class=\"elementor-container elementor-column-gap-default\">\n\t\t\t\t\t<div class=\"elementor-column elementor-col-50 elementor-inner-column elementor-element elementor-element-f3a042e\" data-id=\"f3a042e\" data-element_type=\"column\">\n\t\t\t<div class=\"elementor-widget-wrap elementor-element-populated\">\n\t\t\t\t\t\t\t\t<div class=\"elementor-element elementor-element-29dcf0a elementor-widget elementor-widget-image\" data-id=\"29dcf0a\" data-element_type=\"widget\" data-widget_type=\"image.default\">\n\t\t\t\t<div class=\"elementor-widget-container\">\n\t\t\t\t\t\t\t\t\t\t\t\t\t\t\t<img width=\"1024\" height=\"683\" src=\"https:\/\/tcwine.vn\/wp-content\/uploads\/2022\/09\/for-the-love-of-wine-fine-feature-1024x683.jpg\" class=\"attachment-large size-large\" alt=\"\" loading=\"lazy\" \/>\t\t\t\t\t\t\t\t\t\t\t\t\t\t\t<\/div>\n\t\t\t\t<\/div>\n\t\t\t\t\t<\/div>\n\t\t<\/div>\n\t\t\t\t<div class=\"elementor-column elementor-col-50 elementor-inner-column elementor-element elementor-element-31ffd51\" data-id=\"31ffd51\" data-element_type=\"column\">\n\t\t\t<div class=\"elementor-widget-wrap elementor-element-populated\">\n\t\t\t\t\t\t\t\t<div class=\"elementor-element elementor-element-4f2e6a8 elementor-widget elementor-widget-text-editor\" data-id=\"4f2e6a8\" data-element_type=\"widget\" data-widget_type=\"text-editor.default\">\n\t\t\t\t<div class=\"elementor-widget-container\">\n\t\t\t\t\t\t\t<p>Sa\u0309nh r\u01b0\u1ee3u vang TC Wine mang \u0111\u00ea\u0301n m\u1ed9t kh\u00f4ng gian tuy\u1ec7t v\u1eddi cho nh\u01b0\u0303ng bu\u00f4\u0309i ti\u00ea\u0323c k\u1ef7 ni\u1ec7m v\u00e0 ti\u1ec7c sinh nh\u1eadt \u00e2\u0301m a\u0301p. Ngoa\u0300i ra kha\u0301ch ti\u1ec7c co\u0300n \u0111\u01b0\u01a1\u0323c tr\u1ea3i nghi\u1ec7m ca\u0301c do\u0300ng r\u01b0\u1ee3u vang \u0111\u1eb3ng c\u1ea5p cu\u0309a TC Wine go\u0301p ph\u00e2\u0300n cho bu\u00f4\u0309i ti\u1ec7c th\u00eam sang tro\u0323ng va\u0300 \u0111\u1eb7c bi\u1ec7t h\u01a1n h\u00ea\u0301t.<\/p><p>Chu\u0301ng t\u00f4i se\u0303 t\u01b0 v\u00e2\u0301n va\u0300 l\u00ean k\u00ea\u0301 hoa\u0323ch cho bu\u00f4\u0309i ti\u1ec7c cu\u0309a ba\u0323n th\u1eadt hoa\u0300n ha\u0309o, v\u01a1\u0301i \u0111\u1ed9i ng\u0169 nh\u00e2n vi\u00ean tuy\u1ec7t v\u1eddi se\u0303 chu\u0301 tro\u0323ng va\u0300o t\u1eebng chi ti\u1ebft \u0111\u1ec3 \u0111\u1ea3m b\u1ea3o cho b\u1ea1n m\u1ed9t tr\u1ea3i nghi\u1ec7m th\u01b0\u0323c s\u01b0\u0323 kh\u00f3 qu\u00ean!<\/p><p>Cho\u0323n \u0110\u1eb6T B\u00c0N ngay ho\u1eb7c li\u00ean h\u1ec7 v\u01a1\u0301i ch\u00fang t\u00f4i qua s\u00f4\u0301 (+ 84)9 8383 8778 \u0111\u00ea\u0309 bi\u00ea\u0301t th\u00eam chi ti\u00ea\u0301t nhe\u0301!<\/p>\t\t\t\t\t\t<\/div>\n\t\t\t\t<\/div>\n\t\t\t\t<div class=\"elementor-element elementor-element-891d5c2 elementor-align-center elementor-widget elementor-widget-button\" data-id=\"891d5c2\" data-element_type=\"widget\" data-widget_type=\"button.default\">\n\t\t\t\t<div class=\"elementor-widget-container\">\n\t\t\t\t\t<div class=\"elementor-button-wrapper\">\n\t\t\t<a href=\"https:\/\/zalo.me\/0983838778\" class=\"elementor-button-link elementor-button elementor-size-sm\" role=\"button\">\n\t\t\t\t\t\t<span class=\"elementor-button-content-wrapper\">\n\t\t\t\t\t\t<span class=\"elementor-button-text\">\u0110\u1eb6T B\u00c0N<\/span>\n\t\t<\/span>\n\t\t\t\t\t<\/a>\n\t\t<\/div>\n\t\t\t\t<\/div>\n\t\t\t\t<\/div>\n\t\t\t\t\t<\/div>\n\t\t<\/div>\n\t\t\t\t\t\t\t<\/div>\n\t\t<\/section>\n\t\t\t\t\t<\/div>\n\t\t<\/div>\n\t\t\t\t\t\t\t<\/div>\n\t\t<\/section>\n\t\t\t\t\t\t\t<\/div>\n\t\t","protected":false},"excerpt":{"rendered":"<p>V\u1ec0 CH\u00daNG T\u00d4I V\u1ec1 TC Wine v\u00e0 \u0111\u1ed9i ng\u0169 ch\u00fang t\u00f4i TC Wine Lounge &amp; RooftopN\u01a1i hoa\u0300n ha\u0309o cho nh\u01b0\u0303ng s\u01b0\u0323 ki\u1ec7n \u0111\u1eb7c bi\u1ec7t B\u01b0\u01a1\u0301c ch\u00e2n va\u0300o s\u1ea3nh r\u01b0\u1ee3u sang tr\u1ecdng cho \u0111\u1ebfn qu\u1ea7y bar s\u00e2n th\u01b0\u01a1\u0323ng lung linh ngo\u00e0i tr\u1eddi, ba\u0323n se\u0303 c\u01b0\u0323c ki\u0300 \u00e2\u0301n t\u01b0\u01a1\u0323ng v\u01a1\u0301i TC Wine Lounge &amp; Rooftop, m\u1ed9t \u0111i\u1ec3m [&hellip;]<\/p>\n","protected":false},"author":2,"featured_media":0,"parent":0,"menu_order":0,"comment_status":"closed","ping_status":"open","template":"","meta":[],"yoast_head":"<!-- This site is optimized with the Yoast SEO plugin v19.6.1 - https:\/\/yoast.com\/wordpress\/plugins\/seo\/ -->\n<title>TC Wine Lounge &amp; Rooftop - TC Wine<\/title>\n<meta name=\"robots\" content=\"index, follow, max-snippet:-1, max-image-preview:large, max-video-preview:-1\" \/>\n<link rel=\"canonical\" href=\"https:\/\/tcwine.vn\/en\/tc-wine-lounge-rooftop\/\" \/>\n<meta property=\"og:locale\" content=\"en_US\" \/>\n<meta property=\"og:type\" content=\"article\" \/>\n<meta property=\"og:title\" content=\"TC Wine Lounge &amp; Rooftop - TC Wine\" \/>\n<meta property=\"og:description\" content=\"V\u1ec0 CH\u00daNG T\u00d4I V\u1ec1 TC Wine v\u00e0 \u0111\u1ed9i ng\u0169 ch\u00fang t\u00f4i TC Wine Lounge &amp; RooftopN\u01a1i hoa\u0300n ha\u0309o cho nh\u01b0\u0303ng s\u01b0\u0323 ki\u1ec7n \u0111\u1eb7c bi\u1ec7t B\u01b0\u01a1\u0301c ch\u00e2n va\u0300o s\u1ea3nh r\u01b0\u1ee3u sang tr\u1ecdng cho \u0111\u1ebfn qu\u1ea7y bar s\u00e2n th\u01b0\u01a1\u0323ng lung linh ngo\u00e0i tr\u1eddi, ba\u0323n se\u0303 c\u01b0\u0323c ki\u0300 \u00e2\u0301n t\u01b0\u01a1\u0323ng v\u01a1\u0301i TC Wine Lounge &amp; Rooftop, m\u1ed9t \u0111i\u1ec3m [&hellip;]\" \/>\n<meta property=\"og:url\" content=\"https:\/\/tcwine.vn\/en\/tc-wine-lounge-rooftop\/\" \/>\n<meta property=\"og:site_name\" content=\"TC Wine\" \/>\n<meta property=\"article:modified_time\" content=\"2022-12-01T09:16:04+00:00\" \/>\n<meta property=\"og:image\" content=\"https:\/\/tcwine.vn\/wp-content\/uploads\/2022\/09\/rooftop-1024x573.jpg\" \/>\n<meta name=\"twitter:card\" content=\"summary_large_image\" \/>\n<meta name=\"twitter:label1\" content=\"Est. reading time\" \/>\n\t<meta name=\"twitter:data1\" content=\"3 minutes\" \/>\n<script type=\"application\/ld+json\" class=\"yoast-schema-graph\">{\"@context\":\"https:\/\/schema.org\",\"@graph\":[{\"@type\":\"WebPage\",\"@id\":\"https:\/\/tcwine.vn\/en\/tc-wine-lounge-rooftop\/\",\"url\":\"https:\/\/tcwine.vn\/en\/tc-wine-lounge-rooftop\/\",\"name\":\"TC Wine Lounge & Rooftop - TC Wine\",\"isPartOf\":{\"@id\":\"https:\/\/tcwine.vn\/#website\"},\"datePublished\":\"2022-09-15T06:09:05+00:00\",\"dateModified\":\"2022-12-01T09:16:04+00:00\",\"breadcrumb\":{\"@id\":\"https:\/\/tcwine.vn\/en\/tc-wine-lounge-rooftop\/#breadcrumb\"},\"inLanguage\":\"en\",\"potentialAction\":[{\"@type\":\"ReadAction\",\"target\":[\"https:\/\/tcwine.vn\/en\/tc-wine-lounge-rooftop\/\"]}]},{\"@type\":\"BreadcrumbList\",\"@id\":\"https:\/\/tcwine.vn\/en\/tc-wine-lounge-rooftop\/#breadcrumb\",\"itemListElement\":[{\"@type\":\"ListItem\",\"position\":1,\"name\":\"Trang ch\u1ee7\",\"item\":\"https:\/\/tcwine.vn\/en\/intro\/\"},{\"@type\":\"ListItem\",\"position\":2,\"name\":\"TC Wine Lounge &#038; Rooftop\"}]},{\"@type\":\"WebSite\",\"@id\":\"https:\/\/tcwine.vn\/#website\",\"url\":\"https:\/\/tcwine.vn\/\",\"name\":\"TC Wine\",\"description\":\"\",\"potentialAction\":[{\"@type\":\"SearchAction\",\"target\":{\"@type\":\"EntryPoint\",\"urlTemplate\":\"https:\/\/tcwine.vn\/?s={search_term_string}\"},\"query-input\":\"required name=search_term_string\"}],\"inLanguage\":\"en\"}]}<\/script>\n<!-- \/ Yoast SEO plugin. -->","yoast_head_json":{"title":"TC Wine Lounge & Rooftop - TC Wine","robots":{"index":"index","follow":"follow","max-snippet":"max-snippet:-1","max-image-preview":"max-image-preview:large","max-video-preview":"max-video-preview:-1"},"canonical":"https:\/\/tcwine.vn\/en\/tc-wine-lounge-rooftop\/","og_locale":"en_US","og_type":"article","og_title":"TC Wine Lounge & Rooftop - TC Wine","og_description":"V\u1ec0 CH\u00daNG T\u00d4I V\u1ec1 TC Wine v\u00e0 \u0111\u1ed9i ng\u0169 ch\u00fang t\u00f4i TC Wine Lounge &amp; RooftopN\u01a1i hoa\u0300n ha\u0309o cho nh\u01b0\u0303ng s\u01b0\u0323 ki\u1ec7n \u0111\u1eb7c bi\u1ec7t B\u01b0\u01a1\u0301c ch\u00e2n va\u0300o s\u1ea3nh r\u01b0\u1ee3u sang tr\u1ecdng cho \u0111\u1ebfn qu\u1ea7y bar s\u00e2n th\u01b0\u01a1\u0323ng lung linh ngo\u00e0i tr\u1eddi, ba\u0323n se\u0303 c\u01b0\u0323c ki\u0300 \u00e2\u0301n t\u01b0\u01a1\u0323ng v\u01a1\u0301i TC Wine Lounge &amp; Rooftop, m\u1ed9t \u0111i\u1ec3m [&hellip;]","og_url":"https:\/\/tcwine.vn\/en\/tc-wine-lounge-rooftop\/","og_site_name":"TC Wine","article_modified_time":"2022-12-01T09:16:04+00:00","og_image":[{"url":"https:\/\/tcwine.vn\/wp-content\/uploads\/2022\/09\/rooftop-1024x573.jpg"}],"twitter_card":"summary_large_image","twitter_misc":{"Est. reading time":"3 minutes"},"schema":{"@context":"https:\/\/schema.org","@graph":[{"@type":"WebPage","@id":"https:\/\/tcwine.vn\/en\/tc-wine-lounge-rooftop\/","url":"https:\/\/tcwine.vn\/en\/tc-wine-lounge-rooftop\/","name":"TC Wine Lounge & Rooftop - TC Wine","isPartOf":{"@id":"https:\/\/tcwine.vn\/#website"},"datePublished":"2022-09-15T06:09:05+00:00","dateModified":"2022-12-01T09:16:04+00:00","breadcrumb":{"@id":"https:\/\/tcwine.vn\/en\/tc-wine-lounge-rooftop\/#breadcrumb"},"inLanguage":"en","potentialAction":[{"@type":"ReadAction","target":["https:\/\/tcwine.vn\/en\/tc-wine-lounge-rooftop\/"]}]},{"@type":"BreadcrumbList","@id":"https:\/\/tcwine.vn\/en\/tc-wine-lounge-rooftop\/#breadcrumb","itemListElement":[{"@type":"ListItem","position":1,"name":"Trang ch\u1ee7","item":"https:\/\/tcwine.vn\/en\/intro\/"},{"@type":"ListItem","position":2,"name":"TC Wine Lounge &#038; Rooftop"}]},{"@type":"WebSite","@id":"https:\/\/tcwine.vn\/#website","url":"https:\/\/tcwine.vn\/","name":"TC Wine","description":"","potentialAction":[{"@type":"SearchAction","target":{"@type":"EntryPoint","urlTemplate":"https:\/\/tcwine.vn\/?s={search_term_string}"},"query-input":"required name=search_term_string"}],"inLanguage":"en"}]}},"_links":{"self":[{"href":"https:\/\/tcwine.vn\/en\/wp-json\/wp\/v2\/pages\/26889"}],"collection":[{"href":"https:\/\/tcwine.vn\/en\/wp-json\/wp\/v2\/pages"}],"about":[{"href":"https:\/\/tcwine.vn\/en\/wp-json\/wp\/v2\/types\/page"}],"author":[{"embeddable":true,"href":"https:\/\/tcwine.vn\/en\/wp-json\/wp\/v2\/users\/2"}],"replies":[{"embeddable":true,"href":"https:\/\/tcwine.vn\/en\/wp-json\/wp\/v2\/comments?post=26889"}],"version-history":[{"count":6,"href":"https:\/\/tcwine.vn\/en\/wp-json\/wp\/v2\/pages\/26889\/revisions"}],"predecessor-version":[{"id":27136,"href":"https:\/\/tcwine.vn\/en\/wp-json\/wp\/v2\/pages\/26889\/revisions\/27136"}],"wp:attachment":[{"href":"https:\/\/tcwine.vn\/en\/wp-json\/wp\/v2\/media?parent=26889"}],"curies":[{"name":"wp","href":"https:\/\/api.w.org\/{rel}","templated":true}]}}